{"id":173,"date":"2014-10-24T11:31:21","date_gmt":"2014-10-24T11:31:21","guid":{"rendered":"https:\/\/xml-io.proteusthemes.com\/buildpress\/?page_id=173"},"modified":"2022-02-10T03:47:18","modified_gmt":"2022-02-10T03:47:18","slug":"diseno-web-responsive","status":"publish","type":"page","link":"https:\/\/serviwebsi.com\/seo\/diseno-web-responsive\/","title":{"rendered":"DISE\u00d1O WEB"},"content":{"rendered":"<h1 class=\"centrado alternative-heading\">DISE\u00d1O WEB RESPONSIVE<\/h1>\n<p class=\"centrado\"><strong>Sitio web dise\u00f1ado con tecnolog\u00eda Responsive<\/strong>, que adapta la p\u00e1gina a todo tipo de dispositivos: m\u00f3viles smartphone, tablets, ordenadores de escritorio, etc.<\/p>\n<p class=\"centrado\"><strong>Sitio web seguro con certificado SSL<\/strong> ( todos los sitios son https y no http )<\/p>\n<p class=\"centrado\"><strong>Dominio .com o .es registrado a su nombre <\/strong>con sus datos. Tanto el dominio, como el dise\u00f1o del sitio y su contenido son de su propiedad en todo momento y puede optar por otro proveedor si no estuviera satisfecho, en el momento que lo ordene.<\/p>\n<p class=\"centrado\"><strong>Orientado a SEO<\/strong> (posicionamiento en buscadores como Google)<\/p>\n<p class=\"centrado\">Sitio web autogestionable, de modo que ud. puede subir su contenido ( textos, fotos ), sin nuestra intervenci\u00f3n, pero nosotros ya le entregamos el dise\u00f1o realizado y la p\u00e1gina principal con el material ( textos, fotos) que nos env\u00ede.<\/p>\n<p class=\"centrado\">Se pueden enlazar videos de Youtube y sus redes sociales ( Facebook, Twitter, Google+, Instagram, Pinterest, etc. ) Optimizado para buscadores como Google, con enlaces de otros sitios web.<\/p>\n<p class=\"centrado\"><strong>Sitio web seguro con certificado SSL <\/strong>( ofrecido por el proveedor de hosting)<\/p>\n<p class=\"centrado\">Se pueden enlazar videos de Youtube y sus redes sociales ( Facebook, Twitter, Google+, Instagram, Pinterest, etc. ) Optimizado para buscadores como Google, con enlaces de otros sitios web.<\/p>\n<p><strong> NOSOTROS<\/strong>: 19 a\u00f1os de experiencia, con clientes en toda Espa\u00f1a, Estados Unidos, Argentina y Guatemala Tambi\u00e9n realizamos tiendas de comercio electr\u00f3nico desde 2005, con pago con tarjeta con todos los bancos espa\u00f1oles, con doble sistema de seguridad: el sitio es SSL ( https ) y la transacci\u00f3n se realiza en el sitio del banco que tambi\u00e9n es SSL ( https ).<\/p>\n<p>&nbsp;<\/p>\n<h4 style=\"text-align: center;\"><strong>REAL ESTATE ANTIC BEGUR, SITIO WEB DE UN CLIENTE<\/strong><\/h4>\n<p>&nbsp;<a href=\"https:\/\/realestateanticbegur.com\"><img loading=\"lazy\" decoding=\"async\" class=\"aligncenter wp-image-6846\" src=\"https:\/\/serviwebsi.com\/seo\/wp-content\/uploads\/2021\/04\/realestate-antic-begur-1024x625.jpg\" alt=\"\" width=\"800\" height=\"488\" srcset=\"https:\/\/serviwebsi.com\/seo\/wp-content\/uploads\/2021\/04\/realestate-antic-begur-1024x625.jpg 1024w, https:\/\/serviwebsi.com\/seo\/wp-content\/uploads\/2021\/04\/realestate-antic-begur-300x183.jpg 300w, https:\/\/serviwebsi.com\/seo\/wp-content\/uploads\/2021\/04\/realestate-antic-begur-768x469.jpg 768w, https:\/\/serviwebsi.com\/seo\/wp-content\/uploads\/2021\/04\/realestate-antic-begur-555x339.jpg 555w, https:\/\/serviwebsi.com\/seo\/wp-content\/uploads\/2021\/04\/realestate-antic-begur.jpg 1130w\" sizes=\"auto, (max-width: 800px) 100vw, 800px\" \/><\/a><\/p>\n<p style=\"text-align: center;\">&nbsp;<\/p>\n<p><strong>Reciba toda la informaci\u00f3n sin compromiso: <\/strong><a href=\"https:\/\/serviwebsi.com\/seo\/contacto\/\">Consulte desde aqu\u00ed<\/a><\/p>\n<p style=\"text-align: center;\"><a href=\"https:\/\/serviwebsi.com\/seo\/contacto\/\">Consulte sin compromiso<\/a> desde nuestra p\u00e1gina de contacto o envienos un correo electr\u00f3nico a <a href=\"mailto:contactar@serviwebsi.com\">contactar@serviwebsi.com<\/a><\/p>\n","protected":false},"excerpt":{"rendered":"<p>DISE\u00d1O WEB RESPONSIVE Sitio web dise\u00f1ado con tecnolog\u00eda Responsive, que adapta la p\u00e1gina a todo tipo de dispositivos: m\u00f3viles smartphone, tablets, ordenadores de escritorio, etc. Sitio web seguro con certificado SSL ( todos los sitios son https y no http ) Dominio .com o .es registrado a su nombre con sus datos. Tanto el dominio, &hellip;<\/p>\n","protected":false},"author":1,"featured_media":0,"parent":0,"menu_order":0,"comment_status":"closed","ping_status":"closed","template":"","meta":{"ngg_post_thumbnail":0,"footnotes":""},"class_list":["post-173","page","type-page","status-publish","hentry"],"acf":[],"rttpg_featured_image_url":null,"rttpg_author":{"display_name":"admin","author_link":"https:\/\/serviwebsi.com\/seo\/author\/admin\/"},"rttpg_comment":0,"rttpg_category":null,"rttpg_excerpt":"DISE\u00d1O WEB RESPONSIVE Sitio web dise\u00f1ado con tecnolog\u00eda Responsive, que adapta la p\u00e1gina a todo tipo de dispositivos: m\u00f3viles smartphone, tablets, ordenadores de escritorio, etc. Sitio web seguro con certificado SSL ( todos los sitios son https y no http ) Dominio .com o .es registrado a su nombre con sus datos. Tanto el dominio,&hellip;","_links":{"self":[{"href":"https:\/\/serviwebsi.com\/seo\/wp-json\/wp\/v2\/pages\/173","targetHints":{"allow":["GET"]}}],"collection":[{"href":"https:\/\/serviwebsi.com\/seo\/wp-json\/wp\/v2\/pages"}],"about":[{"href":"https:\/\/serviwebsi.com\/seo\/wp-json\/wp\/v2\/types\/page"}],"author":[{"embeddable":true,"href":"https:\/\/serviwebsi.com\/seo\/wp-json\/wp\/v2\/users\/1"}],"replies":[{"embeddable":true,"href":"https:\/\/serviwebsi.com\/seo\/wp-json\/wp\/v2\/comments?post=173"}],"version-history":[{"count":9,"href":"https:\/\/serviwebsi.com\/seo\/wp-json\/wp\/v2\/pages\/173\/revisions"}],"predecessor-version":[{"id":7111,"href":"https:\/\/serviwebsi.com\/seo\/wp-json\/wp\/v2\/pages\/173\/revisions\/7111"}],"wp:attachment":[{"href":"https:\/\/serviwebsi.com\/seo\/wp-json\/wp\/v2\/media?parent=173"}],"curies":[{"name":"wp","href":"https:\/\/api.w.org\/{rel}","templated":true}]}}