{"id":3319,"date":"2019-01-24T18:20:30","date_gmt":"2019-01-24T18:20:30","guid":{"rendered":"https:\/\/serviwebsi.com\/seo\/?page_id=3319"},"modified":"2019-01-24T18:43:53","modified_gmt":"2019-01-24T18:43:53","slug":"catala","status":"publish","type":"page","link":"https:\/\/serviwebsi.com\/seo\/catala\/","title":{"rendered":"DISSENY WEB CATALUNYA"},"content":{"rendered":"<div id=\"pl-3319\"  class=\"panel-layout\" ><div id=\"pg-3319-0\"  class=\"panel-grid panel-no-style\" ><div id=\"pgc-3319-0-0\"  class=\"panel-grid-cell\" ><div id=\"panel-3319-0-0-0\" class=\"so-panel widget widget_sow-editor panel-first-child panel-last-child\" data-index=\"0\" ><div\n\t\t\t\n\t\t\tclass=\"so-widget-sow-editor so-widget-sow-editor-base\"\n\t\t\t\n\t\t>\n<div class=\"siteorigin-widget-tinymce textwidget\">\n\t<h1 class=\"alternative-heading\">LA SEVA P\u00c0GINA O BOTIGA ONLINE AMB CERTIFICAT SSL<\/h1>\n<p>&nbsp;<\/p>\n<p>El seu lloc segur SSL a baix cost o la seva botiga online de comer\u00e7 electr\u00f2nic amb doble seguretat (els nostres clients van vendre gaireb\u00e9 mig mili\u00f3 d'euros en 2018)<\/p>\n<ul>\n<li>Disseny Responsive amb tecnologia Accelerated Mobile Pages<\/li>\n<li>16 anys d'experi\u00e8ncia amb un centenar de llocs a Catalunya, Espanya, Estats Units i Llatinoam\u00e8rica<\/li>\n<li>Tot incl\u00f2s en un sol preu : Producte + Servei<\/li>\n<li>Els nostres productes costen la meitat i rendeixen el doble<\/li>\n<\/ul>\n<p><strong>Consulti sense comprom\u00eds<\/strong><\/p>\n<\/div>\n<\/div><\/div><\/div><div id=\"pgc-3319-0-1\"  class=\"panel-grid-cell\" ><div id=\"panel-3319-0-1-0\" class=\"so-panel widget widget_sow-editor panel-first-child panel-last-child\" data-index=\"1\" ><div\n\t\t\t\n\t\t\tclass=\"so-widget-sow-editor so-widget-sow-editor-base\"\n\t\t\t\n\t\t>\n<div class=\"siteorigin-widget-tinymce textwidget\">\n\t<p>&nbsp;<\/p>\n<p><img loading=\"lazy\" decoding=\"async\" class=\"wp-image-3342 size-full aligncenter\" title=\"Sitio web responsive\" src=\"https:\/\/serviwebsi.com\/seo\/wp-content\/uploads\/2019\/01\/lloc-web-ssl-responsive.jpg\" alt=\"Sitio web responsive\" width=\"540\" height=\"338\" srcset=\"https:\/\/serviwebsi.com\/seo\/wp-content\/uploads\/2019\/01\/lloc-web-ssl-responsive.jpg 540w, https:\/\/serviwebsi.com\/seo\/wp-content\/uploads\/2019\/01\/lloc-web-ssl-responsive-300x188.jpg 300w\" sizes=\"auto, (max-width: 540px) 100vw, 540px\" \/><\/p>\n<\/div>\n<\/div><\/div><\/div><\/div><div id=\"pg-3319-1\"  class=\"panel-grid panel-no-style\" ><div id=\"pgc-3319-1-0\"  class=\"panel-grid-cell\" ><div id=\"panel-3319-1-0-0\" class=\"so-panel widget widget_sow-editor panel-first-child panel-last-child\" data-index=\"2\" ><div\n\t\t\t\n\t\t\tclass=\"so-widget-sow-editor so-widget-sow-editor-base\"\n\t\t\t\n\t\t>\n<div class=\"siteorigin-widget-tinymce textwidget\">\n\t<h2 class=\"alternative-heading\">INGRESSI Al M\u00d3N DEL COMER\u00c7 ELECTR\u00d2NIC A BAIX COST<\/h2>\n<p><strong>Tienda comercio electr\u00f3nico bajo coste ServiWebsi<\/strong><\/p>\n<p>Ingressi al m\u00f3n del comer\u00e7 electr\u00f2nic a baix cost, a trav\u00e9s del seu banc embena amb targeta de cr\u00e8dit amb pagament segur, a m\u00e9s de tota una altra forma de pagament.<\/p>\n<figure id=\"attachment_3372\" aria-describedby=\"caption-attachment-3372\" style=\"width: 300px\" class=\"wp-caption alignright\"><img loading=\"lazy\" decoding=\"async\" class=\"wp-image-3372 size-medium\" title=\"Botiga online Serviweb\" src=\"https:\/\/serviwebsi.com\/seo\/wp-content\/uploads\/2019\/01\/tienda-comercio-electronico-300x199.jpg\" alt=\"Botiga online Serviweb\" width=\"300\" height=\"199\" srcset=\"https:\/\/serviwebsi.com\/seo\/wp-content\/uploads\/2019\/01\/tienda-comercio-electronico-300x199.jpg 300w, https:\/\/serviwebsi.com\/seo\/wp-content\/uploads\/2019\/01\/tienda-comercio-electronico.jpg 307w\" sizes=\"auto, (max-width: 300px) 100vw, 300px\" \/><figcaption id=\"caption-attachment-3372\" class=\"wp-caption-text\">Botiga online Serviweb<\/figcaption><\/figure>\n<p>Passarel\u00b7la de pagaments amb targetes de cr\u00e8dit Els nostres clients van vendre gaireb\u00e9 mig mili\u00f3 d'euros en 2017) (\u00e9s el documentat en la tenda de e-commerce, per\u00f2 es generen m\u00e9s vendes que es concreten per fora, via telef\u00f2nica, email, etc. coneixent la tenda pel seu posicionament en cercadors com Google)<\/p>\n<p>Constru\u00efda en tecnologia Responsive que s'adapta a tots els dispositius m\u00f2bils i ordinadors d'escriptori: m\u00f2bils tel\u00e8fons intel\u00b7ligents, tablets, smartTV, etc.<\/p>\n<p>Finan\u00e7ament en quotes sense interessos. Domini .com o .\u00e9s ; hosting, manteniment, suport t\u00e8cnic i assessorament, tot el servei en un sol preu, sense costos amagats.<\/p>\n<p>M\u00e9s de 16 anys d'experi\u00e8ncia en disseny web a tot el m\u00f3n i m\u00e9s de 12 anys en comer\u00e7 electr\u00f2nic.<\/p>\n<p>Clients en tota Espanya i Am\u00e8rica Llatina als quals pot consultar sobre el servei prestat.<\/p>\n<p>&nbsp;<\/p>\n<\/div>\n<\/div><\/div><\/div><\/div><div id=\"pg-3319-2\"  class=\"panel-grid panel-no-style\" ><div id=\"pgc-3319-2-0\"  class=\"panel-grid-cell\" ><div id=\"panel-3319-2-0-0\" class=\"so-panel widget widget_sow-editor panel-first-child panel-last-child\" data-index=\"3\" ><div\n\t\t\t\n\t\t\tclass=\"so-widget-sow-editor so-widget-sow-editor-base\"\n\t\t\t\n\t\t>\n<div class=\"siteorigin-widget-tinymce textwidget\">\n\t<h3 class=\"alternative-heading\">SERVIWEBSI: DISSENY DE LLOCS WEB COMERCIALS<\/h3>\n<p><strong>ServiWeb llocs web comercials.<\/strong><\/p>\n<p>Nosaltres realitzem llocs web comercials. Qu\u00e8 significa aix\u00f2 ? Hi ha molta oferta de p\u00e0gines web, fins i tot d'empreses reconegudes, que l'\u00fanica cosa que fan \u00e9s realitzar l'est\u00e8tica i la navegaci\u00f3 del lloc i despr\u00e9s aquestes p\u00e0gines tenen poques o cap visita.<\/p>\n<p>Nosaltres els cridem llocs web decoratius, perqu\u00e8 s\u00f3n com un quadre en una paret per\u00f2 que ho veuen molt poques persones. I en aquest m\u00f3n i en aquesta \u00e8poca de crisi el que necessitem el 99% de nosaltres \u00e9s \u00e8xit comercial, no alguna cosa decoratiu.<\/p>\n<p>Per aix\u00f2 diem que nosaltres realitzem<strong> llocs web COMERCIALS.<\/strong><\/p>\n<p>Aix\u00f2 \u00e9s, a part del decoratiu, la navegaci\u00f3, la funcionalitat, i les noves tecnologies que permeten visualitzar-se en tot tipus de dispositius, els realitzem una forta orientaci\u00f3 cap al posicionament SEO (Search Engine Optimization) , \u00e9s a dir orientat als buscadors ja que es calcula que el 90% de les visites a un lloc web prov\u00e9 precisament dels buscadors .<\/p>\n<p>El posicionament SEO ho prometen totes les empreses per\u00f2 ho realitzen ben molt poques i a un cost molt alt, que supera moltes vegades el cost del disseny.<\/p>\n<p>Nosaltres oferim <strong>una soluci\u00f3 integrada amb un sol preu.<\/strong><\/p>\n<p>&nbsp;<\/p>\n<p>&nbsp;<\/p>\n<\/div>\n<\/div><\/div><\/div><div id=\"pgc-3319-2-1\"  class=\"panel-grid-cell\" ><div id=\"panel-3319-2-1-0\" class=\"so-panel widget widget_sow-editor panel-first-child panel-last-child\" data-index=\"4\" ><div\n\t\t\t\n\t\t\tclass=\"so-widget-sow-editor so-widget-sow-editor-base\"\n\t\t\t\n\t\t>\n<div class=\"siteorigin-widget-tinymce textwidget\">\n\t<p>&nbsp;<\/p>\n<p><img loading=\"lazy\" decoding=\"async\" class=\"aligncenter wp-image-3423 size-full\" title=\"Sitio web responsive\" src=\"https:\/\/serviwebsi.com\/seo\/wp-content\/uploads\/2019\/01\/\u00edndice.png\" alt=\"Lo conectamos con el mundo\" width=\"256\" height=\"342\" srcset=\"https:\/\/serviwebsi.com\/seo\/wp-content\/uploads\/2019\/01\/\u00edndice.png 256w, https:\/\/serviwebsi.com\/seo\/wp-content\/uploads\/2019\/01\/\u00edndice-225x300.png 225w\" sizes=\"auto, (max-width: 256px) 100vw, 256px\" \/><\/p>\n<\/div>\n<\/div><\/div><\/div><\/div><div id=\"pg-3319-3\"  class=\"panel-grid panel-no-style\" ><div id=\"pgc-3319-3-0\"  class=\"panel-grid-cell\" ><div id=\"panel-3319-3-0-0\" class=\"so-panel widget widget_sow-editor panel-first-child panel-last-child\" data-index=\"5\" ><div\n\t\t\t\n\t\t\tclass=\"so-widget-sow-editor so-widget-sow-editor-base\"\n\t\t\t\n\t\t>\n<div class=\"siteorigin-widget-tinymce textwidget\">\n\t<h3 class=\"alternative-heading\">TRAJECT\u00d2RIA I CLIENTS<\/h3>\n<p><strong>Trayectoria dise\u00f1o web ServiWebsi<\/strong><\/p>\n<p>Des de 1996 en inform\u00e0tica ServiWeb Servicios Inform\u00e1ticos es dedica des de 2002 al disseny web i al posicionament SEO en buscadors, e-commerce des de 2005 i disseny web per a dispositius m\u00f2bils des de 2012.<\/p>\n<p>Amb clients en tres continents ServiWeb t\u00e9 treballs realitzats per tota Espanya i Llatinoam\u00e8rica.<\/p>\n<p>Entre els nostres distingits clients podem citar a l'artista pl\u00e0stica madrilenya Francisca Bl\u00e1zquez, creadora del Dimensionalismo i amb exposicions a Nova York, Londres, Par\u00eds, Ven\u00e8cia, Madrid, Barcelona, etc. Els testimoniatges dels nostres clients demostren que oferim la millor relaci\u00f3 qualitat de producte+servei \/ cost.<\/p>\n<p>ServiWeb Servicios Inform\u00e1ticos li ofereix la millor opci\u00f3 integral de producte+servei en disseny web, posicionament SEO, e-commerce i disseny per a dispositius m\u00f2bils. .<\/p>\n<\/div>\n<\/div><\/div><\/div><div id=\"pgc-3319-3-1\"  class=\"panel-grid-cell\" ><div id=\"panel-3319-3-1-0\" class=\"so-panel widget widget_sow-editor panel-first-child panel-last-child\" data-index=\"6\" ><div\n\t\t\t\n\t\t\tclass=\"so-widget-sow-editor so-widget-sow-editor-base\"\n\t\t\t\n\t\t>\n<div class=\"siteorigin-widget-tinymce textwidget\">\n\t<p>&nbsp;<\/p>\n<p><img loading=\"lazy\" decoding=\"async\" class=\"alignleft wp-image-3438\" src=\"https:\/\/serviwebsi.com\/seo\/wp-content\/uploads\/2019\/01\/disenowebtrayectoria.jpg\" alt=\"\" width=\"300\" height=\"304\" \/><\/p>\n<\/div>\n<\/div><\/div><\/div><\/div><div id=\"pg-3319-4\"  class=\"panel-grid panel-no-style\" ><div id=\"pgc-3319-4-0\"  class=\"panel-grid-cell\" ><div id=\"panel-3319-4-0-0\" class=\"so-panel widget widget_sow-editor panel-first-child panel-last-child\" data-index=\"7\" ><div\n\t\t\t\n\t\t\tclass=\"so-widget-sow-editor so-widget-sow-editor-base\"\n\t\t\t\n\t\t>\n<div class=\"siteorigin-widget-tinymce textwidget\">\n\t<h3 class=\"alternative-heading\">TREBALLS A CATALUNYA<\/h3>\n<p><strong>Clients treballs Catalunya ServiWebsi<\/strong><\/p>\n<p><img loading=\"lazy\" decoding=\"async\" class=\"aligncenter wp-image-3431 size-full\" title=\"Treballs Catalunya\" src=\"https:\/\/serviwebsi.com\/seo\/wp-content\/uploads\/2019\/01\/catalunya_clientes.jpg\" alt=\"Treballs Catalunya\" width=\"614\" height=\"495\" srcset=\"https:\/\/serviwebsi.com\/seo\/wp-content\/uploads\/2019\/01\/catalunya_clientes.jpg 614w, https:\/\/serviwebsi.com\/seo\/wp-content\/uploads\/2019\/01\/catalunya_clientes-300x242.jpg 300w, https:\/\/serviwebsi.com\/seo\/wp-content\/uploads\/2019\/01\/catalunya_clientes-555x447.jpg 555w\" sizes=\"auto, (max-width: 614px) 100vw, 614px\" \/><\/p>\n<p>&nbsp;<\/p>\n<\/div>\n<\/div><\/div><\/div><\/div><\/div>","protected":false},"excerpt":{"rendered":"<p>LA SEVA P\u00c0GINA O BOTIGA ONLINE AMB CERTIFICAT SSL &nbsp; El seu lloc segur SSL a baix cost o la seva botiga online de comer\u00e7 electr\u00f2nic amb doble seguretat (els nostres clients van vendre gaireb\u00e9 mig mili\u00f3 d&#8217;euros en 2018) Disseny Responsive amb tecnologia Accelerated Mobile Pages 16 anys d&#8217;experi\u00e8ncia amb un centenar de llocs &hellip;<\/p>\n","protected":false},"author":1,"featured_media":0,"parent":0,"menu_order":0,"comment_status":"closed","ping_status":"open","template":"","meta":{"ngg_post_thumbnail":0,"footnotes":""},"class_list":["post-3319","page","type-page","status-publish","hentry"],"acf":[],"rttpg_featured_image_url":null,"rttpg_author":{"display_name":"admin","author_link":"https:\/\/serviwebsi.com\/seo\/author\/admin\/"},"rttpg_comment":0,"rttpg_category":null,"rttpg_excerpt":"LA SEVA P\u00c0GINA O BOTIGA ONLINE AMB CERTIFICAT SSL &nbsp; El seu lloc segur SSL a baix cost o la seva botiga online de comer\u00e7 electr\u00f2nic amb doble seguretat (els nostres clients van vendre gaireb\u00e9 mig mili\u00f3 d'euros en 2018) Disseny Responsive amb tecnologia Accelerated Mobile Pages 16 anys d'experi\u00e8ncia amb un centenar de llocs&hellip;","_links":{"self":[{"href":"https:\/\/serviwebsi.com\/seo\/wp-json\/wp\/v2\/pages\/3319","targetHints":{"allow":["GET"]}}],"collection":[{"href":"https:\/\/serviwebsi.com\/seo\/wp-json\/wp\/v2\/pages"}],"about":[{"href":"https:\/\/serviwebsi.com\/seo\/wp-json\/wp\/v2\/types\/page"}],"author":[{"embeddable":true,"href":"https:\/\/serviwebsi.com\/seo\/wp-json\/wp\/v2\/users\/1"}],"replies":[{"embeddable":true,"href":"https:\/\/serviwebsi.com\/seo\/wp-json\/wp\/v2\/comments?post=3319"}],"version-history":[{"count":11,"href":"https:\/\/serviwebsi.com\/seo\/wp-json\/wp\/v2\/pages\/3319\/revisions"}],"predecessor-version":[{"id":3499,"href":"https:\/\/serviwebsi.com\/seo\/wp-json\/wp\/v2\/pages\/3319\/revisions\/3499"}],"wp:attachment":[{"href":"https:\/\/serviwebsi.com\/seo\/wp-json\/wp\/v2\/media?parent=3319"}],"curies":[{"name":"wp","href":"https:\/\/api.w.org\/{rel}","templated":true}]}}