{"id":3504,"date":"2019-01-24T18:47:41","date_gmt":"2019-01-24T18:47:41","guid":{"rendered":"https:\/\/serviwebsi.com\/seo\/?page_id=3504"},"modified":"2020-02-17T21:34:48","modified_gmt":"2020-02-17T21:34:48","slug":"francais","status":"publish","type":"page","link":"https:\/\/serviwebsi.com\/seo\/francais\/","title":{"rendered":"WEB DESIGN FRANCE"},"content":{"rendered":"<div id=\"pl-3504\"  class=\"panel-layout\" ><div id=\"pg-3504-0\"  class=\"panel-grid panel-no-style\" ><div id=\"pgc-3504-0-0\"  class=\"panel-grid-cell\" ><div id=\"panel-3504-0-0-0\" class=\"so-panel widget widget_sow-editor panel-first-child panel-last-child\" data-index=\"0\" ><div\n\t\t\t\n\t\t\tclass=\"so-widget-sow-editor so-widget-sow-editor-base\"\n\t\t\t\n\t\t>\n<div class=\"siteorigin-widget-tinymce textwidget\">\n\t<h1 class=\"alternative-heading\">VOTRE PAGE WEB OU VOTRE BOUTIQUE EN LIGNE AVEC CERTIFICAT SSL<\/h1>\n<p>&nbsp;<\/p>\n<p>Nous avons des clients qu'ils vendent des produits ou des services en France, avec quelques pages en fran\u00e7ais que sont les suivantes:<\/p>\n<p>&nbsp;<\/p>\n<blockquote class=\"wp-embedded-content\" data-secret=\"Ep1uCP1Osk\"><p><a href=\"https:\/\/serviwebsi.com\/seo\/nos-dernieres-creation-francais\/\">NOS DERNI\u00c8RES CR\u00c9ATIONS EN FRAN\u00c7AIS<\/a><\/p><\/blockquote>\n<p><iframe loading=\"lazy\" class=\"wp-embedded-content\" sandbox=\"allow-scripts\" security=\"restricted\" style=\"position: absolute; clip: rect(1px, 1px, 1px, 1px);\" title=\"\u00abNOS DERNI\u00c8RES CR\u00c9ATIONS EN FRAN\u00c7AIS\u00bb \u2014 ServiWebSI Servicios Inform\u00e1ticos\" src=\"https:\/\/serviwebsi.com\/seo\/nos-dernieres-creation-francais\/embed\/#?secret=8Ceg5qZMMN#?secret=Ep1uCP1Osk\" data-secret=\"Ep1uCP1Osk\" width=\"600\" height=\"338\" frameborder=\"0\" marginwidth=\"0\" marginheight=\"0\" scrolling=\"no\"><\/iframe><\/p>\n<p>&nbsp;<\/p>\n<p><a href=\"https:\/\/haieartificiellegirona.com\">https:\/\/haieartificiellegirona.com<\/a><\/p>\n<p><a href=\"https:\/\/lintima.com\/tienda\/fr\/\">https:\/\/lintima.com\/tienda\/fr\/<\/a><\/p>\n<blockquote class=\"wp-embedded-content\" data-secret=\"Wz8lAUmfkA\"><p><a href=\"https:\/\/gironaturismerural.com\/fr\/\">Home<\/a><\/p><\/blockquote>\n<p><iframe loading=\"lazy\" title=\"&laquo;&nbsp;Home&nbsp;&raquo; &#8212; Girona Turisme Rural Masia CAL ROS\" class=\"wp-embedded-content\" sandbox=\"allow-scripts\" security=\"restricted\" style=\"position: absolute; clip: rect(1px, 1px, 1px, 1px);\" src=\"https:\/\/gironaturismerural.com\/fr\/embed\/#?secret=Wz8lAUmfkA\" data-secret=\"Wz8lAUmfkA\" width=\"600\" height=\"338\" frameborder=\"0\" marginwidth=\"0\" marginheight=\"0\" scrolling=\"no\"><\/iframe><\/p>\n<p>https:\/\/francais.rehabilitaciondefachadaseurocolor.com\/<\/p>\n<p>https:\/\/brucgirona.com\/brucgirona_francaise.htm<\/p>\n<p>https:\/\/setoartificialeuropa.com\/haie_artificielle_europa_france.htm<\/p>\n<p>https:\/\/valladebrezo.com\/fabricants-natural-clotures-jardin.htm<\/p>\n<p>&nbsp;<\/p>\n<\/div>\n<\/div><\/div><\/div><div id=\"pgc-3504-0-1\"  class=\"panel-grid-cell\" ><div id=\"panel-3504-0-1-0\" class=\"so-panel widget widget_sow-editor panel-first-child panel-last-child\" data-index=\"1\" ><div\n\t\t\t\n\t\t\tclass=\"so-widget-sow-editor so-widget-sow-editor-base\"\n\t\t\t\n\t\t>\n<div class=\"siteorigin-widget-tinymce textwidget\">\n\t<p>&nbsp;<\/p>\n<p><img loading=\"lazy\" decoding=\"async\" class=\"wp-image-3342 size-full aligncenter\" title=\"Sitio web responsive\" src=\"https:\/\/serviwebsi.com\/seo\/wp-content\/uploads\/2019\/01\/lloc-web-ssl-responsive.jpg\" alt=\"Sitio web responsive\" width=\"540\" height=\"338\" srcset=\"https:\/\/serviwebsi.com\/seo\/wp-content\/uploads\/2019\/01\/lloc-web-ssl-responsive.jpg 540w, https:\/\/serviwebsi.com\/seo\/wp-content\/uploads\/2019\/01\/lloc-web-ssl-responsive-300x188.jpg 300w\" sizes=\"auto, (max-width: 540px) 100vw, 540px\" \/><\/p>\n<\/div>\n<\/div><\/div><\/div><\/div><div id=\"pg-3504-1\"  class=\"panel-grid panel-no-style\" ><div id=\"pgc-3504-1-0\"  class=\"panel-grid-cell\" ><div id=\"panel-3504-1-0-0\" class=\"so-panel widget widget_sow-editor panel-first-child panel-last-child\" data-index=\"2\" ><div\n\t\t\t\n\t\t\tclass=\"so-widget-sow-editor so-widget-sow-editor-base\"\n\t\t\t\n\t\t>\n<div class=\"siteorigin-widget-tinymce textwidget\">\n\t<h2 class=\"alternative-heading\">RESPONSIVE WEB DESIGN<\/h2>\n<p>&nbsp;<\/p>\n<p>Site Web con\u00e7u avec la t<strong>echnologie Responsive,<\/strong> qui permet d'adapter la page \u00e0 tous les types d'appareils: smartphone mobile, tablettes, ordinateurs de bureau, etc.<\/p>\n<p>Site Web s\u00e9curis\u00e9 avec certificat SSL (tous les sites sont https et non http)<\/p>\n<p>Domaine \".com\" enregistr\u00e9 \u00e0 votre nom. Le domaine, la conception du site et son contenu sont votre propri\u00e9t\u00e9 \u00e0 tout moment et vous pouvez opter pour un autre fournisseur si vous n'\u00e9tiez pas satisfait, au moment de votre commande.<\/p>\n<p>Orient\u00e9 SEO (positionnement dans les moteurs de recherche comme Google)<\/p>\n<p>Le site Web est auto-gestion, alors vous pouvez t\u00e9l\u00e9charger votre contenu (textes, photos), sans notre intervention, nous vous livrerons le site web en ligne utilisant le mat\u00e9riel (textes, photos, etc.) que vous nous avez envoy\u00e9.<\/p>\n<p>Vous pouvez relier des vid\u00e9os Youtube et des r\u00e9seaux sociaux (Facebook, Twitter, Google+, Instagram, Pinterest, etc.).<\/p>\n<p>Le site web est optimis\u00e9 pour les moteurs de recherche tels que Google, avec des liens provenant d'autres sites web.<\/p>\n<p>&nbsp;<\/p>\n<p><a href=\"https:\/\/haieartificiellegirona.com\"><img loading=\"lazy\" decoding=\"async\" class=\"wp-image-6518 size-full aligncenter\" title=\"Brande de bruy\u00e8re boutique en ligne \" src=\"https:\/\/serviwebsi.com\/seo\/wp-content\/uploads\/2020\/02\/Haie-artificielle-girona.jpg\" alt=\"Brande de bruy\u00e8re boutique en ligne Haie Artificielle Girona\" width=\"739\" height=\"448\" srcset=\"https:\/\/serviwebsi.com\/seo\/wp-content\/uploads\/2020\/02\/Haie-artificielle-girona.jpg 739w, https:\/\/serviwebsi.com\/seo\/wp-content\/uploads\/2020\/02\/Haie-artificielle-girona-300x182.jpg 300w, https:\/\/serviwebsi.com\/seo\/wp-content\/uploads\/2020\/02\/Haie-artificielle-girona-555x336.jpg 555w\" sizes=\"auto, (max-width: 739px) 100vw, 739px\" \/><\/a><\/p>\n<p>&nbsp;<\/p>\n<p>&nbsp;<\/p>\n<\/div>\n<\/div><\/div><\/div><\/div><div id=\"pg-3504-2\"  class=\"panel-grid panel-no-style\" ><div id=\"pgc-3504-2-0\"  class=\"panel-grid-cell\" ><div id=\"panel-3504-2-0-0\" class=\"so-panel widget widget_sow-editor panel-first-child panel-last-child\" data-index=\"3\" ><div\n\t\t\t\n\t\t\tclass=\"so-widget-sow-editor so-widget-sow-editor-base\"\n\t\t\t\n\t\t>\n<div class=\"siteorigin-widget-tinymce textwidget\">\n\t<h3 class=\"alternative-heading\">\u00c0 PROPOS DE NOUS<\/h3>\n<p>16 ans d\u2019exp\u00e9rience, avec des clients en Espagne, aux \u00c9tats-Unis, en Argentine et au GuatemalaDesign web responsive France ServiWebSI<\/p>\n<p>Nous avons \u00e9galement ouvert des boutiques en ligne depuis 2005, avec paiement par carte, avec syst\u00e8me de double s\u00e9curit\u00e9: le site est SSL (https) et la transaction est effectu\u00e9e sur le site de la banque qui est \u00e9galement SSL (https).<\/p>\n<p>H\u00e9bergement: 4 serveurs possibles, nous avons des options d'h\u00e9bergement \u00e0 Chicago (Illinois), Orlando (Floride), St. Louis (Missouri) et Atlanta (G\u00e9orgie), s\u00e9lectionn\u00e9s pour leur fiabilit\u00e9 parmi des dizaines de plus de 16 ans d'exp\u00e9rience; (cela n\u2019est jamais arriv\u00e9), Si l'un de ces h\u00e9bergements \u00e9choue, nous pouvons d\u00e9placer le site Web sur un autre serveur en peu de temps.<\/p>\n<p>&nbsp;<\/p>\n<\/div>\n<\/div><\/div><\/div><div id=\"pgc-3504-2-1\"  class=\"panel-grid-cell\" ><div id=\"panel-3504-2-1-0\" class=\"so-panel widget widget_sow-editor panel-first-child panel-last-child\" data-index=\"4\" ><div\n\t\t\t\n\t\t\tclass=\"so-widget-sow-editor so-widget-sow-editor-base\"\n\t\t\t\n\t\t>\n<div class=\"siteorigin-widget-tinymce textwidget\">\n\t<p>&nbsp;<\/p>\n<p><img loading=\"lazy\" decoding=\"async\" class=\"alignleft wp-image-3438\" src=\"https:\/\/serviwebsi.com\/seo\/wp-content\/uploads\/2019\/01\/disenowebtrayectoria.jpg\" alt=\"\" width=\"300\" height=\"304\" \/><\/p>\n<\/div>\n<\/div><\/div><\/div><\/div><div id=\"pg-3504-3\"  class=\"panel-grid panel-no-style\" ><div id=\"pgc-3504-3-0\"  class=\"panel-grid-cell\" ><div id=\"panel-3504-3-0-0\" class=\"so-panel widget widget_sow-editor panel-first-child panel-last-child\" data-index=\"5\" ><div\n\t\t\t\n\t\t\tclass=\"so-widget-sow-editor so-widget-sow-editor-base\"\n\t\t\t\n\t\t>\n<div class=\"siteorigin-widget-tinymce textwidget\">\n\t<h2 class=\"alternative-heading\">VOTRE BOUTIQUE EN LIGNE AUTOADMINISTR\u00c9E AVEC CERTIFICAT SSL<\/h2>\n<p><strong>BOUTIQUE EN LIGNE AUTOADMINISTR\u00c9E AVEC CERTIFICAT SSL<\/strong><\/p>\n<p>&nbsp;<\/p>\n<p>Votre boutique en ligne e-commerce autoadministr\u00e9e \u00e0 double s\u00e9curit\u00e9<\/p>\n<p>Avec h\u00e9bergement de domaine et web inclus.<\/p>\n<p>Consulter sans engagement<\/p>\n<h3 class=\"alternative-heading\">\nENTRER DANS LE MONDE DU COMMERCE \u00c9LECTRONIQUE \u00c0 FAIBLE CO\u00dbT<\/h3>\n<p>Vendez avec des cartes de cr\u00e9dit et autres moyens de paiement (Western Union, PayPal, virement bancaire, paiement \u00e0 la livraison, etc.)<\/p>\n<p>Passerelle de paiement avec cartes de cr\u00e9dit<\/p>\n<p>Nos clients ont factur\u00e9 en 2018 plus d'un demi million d'euros<\/p>\n<p>Technologie int\u00e9gr\u00e9e Responsive qui s\u2019adapte \u00e0 tous les appareils mobiles et ordinateurs de bureau: smartphones mobiles, tablettes, smartTV, etc.<\/p>\n<p>H\u00e9bergement, maintenance, support technique et conseil technique, enregistrement et renouvellement de domaine, tout le service dans un prix, sans frais cach\u00e9s.<\/p>\n<p>Clients en Espagne, aux \u00c9tats-Unis et en Am\u00e9rique latine auxquels vous pouvez vous renseigner \u00e0 propos du service fourni.<\/p>\n<p>Tout cela dans un service int\u00e9gral et permanent \u00e0 nos clients qui nous choisissent depuis plus de 16 ans dans le monde entier.<\/p>\n<p>&nbsp;<\/p>\n<p>&nbsp;<\/p>\n<\/div>\n<\/div><\/div><\/div><\/div><\/div>","protected":false},"excerpt":{"rendered":"<p>VOTRE PAGE WEB OU VOTRE BOUTIQUE EN LIGNE AVEC CERTIFICAT SSL &nbsp; Nous avons des clients qu&#8217;ils vendent des produits ou des services en France, avec quelques pages en fran\u00e7ais que sont les suivantes: &nbsp; https:\/\/serviwebsi.com\/seo\/nos-dernieres-creation-francais\/ &nbsp; https:\/\/haieartificiellegirona.com https:\/\/lintima.com\/tienda\/fr\/ https:\/\/gironaturismerural.com\/fr\/ https:\/\/francais.rehabilitaciondefachadaseurocolor.com\/ https:\/\/brucgirona.com\/brucgirona_francaise.htm https:\/\/setoartificialeuropa.com\/haie_artificielle_europa_france.htm https:\/\/valladebrezo.com\/fabricants-natural-clotures-jardin.htm &nbsp; &nbsp; RESPONSIVE WEB DESIGN &nbsp; Site Web con\u00e7u avec la &hellip;<\/p>\n","protected":false},"author":1,"featured_media":0,"parent":0,"menu_order":0,"comment_status":"closed","ping_status":"open","template":"","meta":{"ngg_post_thumbnail":0,"footnotes":""},"class_list":["post-3504","page","type-page","status-publish","hentry"],"acf":[],"rttpg_featured_image_url":null,"rttpg_author":{"display_name":"admin","author_link":"https:\/\/serviwebsi.com\/seo\/author\/admin\/"},"rttpg_comment":0,"rttpg_category":null,"rttpg_excerpt":"VOTRE PAGE WEB OU VOTRE BOUTIQUE EN LIGNE AVEC CERTIFICAT SSL &nbsp; Nous avons des clients qu'ils vendent des produits ou des services en France, avec quelques pages en fran\u00e7ais que sont les suivantes: &nbsp; https:\/\/serviwebsi.com\/seo\/nos-dernieres-creation-francais\/ &nbsp; https:\/\/haieartificiellegirona.com https:\/\/lintima.com\/tienda\/fr\/ https:\/\/gironaturismerural.com\/fr\/ https:\/\/francais.rehabilitaciondefachadaseurocolor.com\/ https:\/\/brucgirona.com\/brucgirona_francaise.htm https:\/\/setoartificialeuropa.com\/haie_artificielle_europa_france.htm https:\/\/valladebrezo.com\/fabricants-natural-clotures-jardin.htm &nbsp; &nbsp; RESPONSIVE WEB DESIGN &nbsp; Site Web con\u00e7u avec la&hellip;","_links":{"self":[{"href":"https:\/\/serviwebsi.com\/seo\/wp-json\/wp\/v2\/pages\/3504","targetHints":{"allow":["GET"]}}],"collection":[{"href":"https:\/\/serviwebsi.com\/seo\/wp-json\/wp\/v2\/pages"}],"about":[{"href":"https:\/\/serviwebsi.com\/seo\/wp-json\/wp\/v2\/types\/page"}],"author":[{"embeddable":true,"href":"https:\/\/serviwebsi.com\/seo\/wp-json\/wp\/v2\/users\/1"}],"replies":[{"embeddable":true,"href":"https:\/\/serviwebsi.com\/seo\/wp-json\/wp\/v2\/comments?post=3504"}],"version-history":[{"count":8,"href":"https:\/\/serviwebsi.com\/seo\/wp-json\/wp\/v2\/pages\/3504\/revisions"}],"predecessor-version":[{"id":6528,"href":"https:\/\/serviwebsi.com\/seo\/wp-json\/wp\/v2\/pages\/3504\/revisions\/6528"}],"wp:attachment":[{"href":"https:\/\/serviwebsi.com\/seo\/wp-json\/wp\/v2\/media?parent=3504"}],"curies":[{"name":"wp","href":"https:\/\/api.w.org\/{rel}","templated":true}]}}