{"id":4104,"date":"2019-01-25T02:52:37","date_gmt":"2019-01-25T02:52:37","guid":{"rendered":"https:\/\/serviwebsi.com\/seo\/?page_id=4104"},"modified":"2019-11-14T22:50:26","modified_gmt":"2019-11-14T22:50:26","slug":"diseno-web-espana","status":"publish","type":"page","link":"https:\/\/serviwebsi.com\/seo\/diseno-web-espana\/","title":{"rendered":"DISE\u00d1O WEB ESPA\u00d1A"},"content":{"rendered":"<div id=\"pl-4104\"  class=\"panel-layout\" ><div id=\"pg-4104-0\"  class=\"panel-grid panel-no-style\" ><div id=\"pgc-4104-0-0\"  class=\"panel-grid-cell\" ><div id=\"panel-4104-0-0-0\" class=\"so-panel widget widget_sow-editor panel-first-child panel-last-child\" data-index=\"0\" ><div\n\t\t\t\n\t\t\tclass=\"so-widget-sow-editor so-widget-sow-editor-base\"\n\t\t\t\n\t\t>\n<div class=\"siteorigin-widget-tinymce textwidget\">\n\t<h1 class=\"sw alternative-heading\">ServiWeb Espa\u00f1a: Dise\u00f1o web tiendas online<\/h1>\n<div class=\"postcontent postcontent-0 clearfix\">\n<div class=\"content-layout-wrapper layout-item-0\">\n<div class=\"content-layout\">\n<div class=\"content-layout-row responsive-layout-row-1\">\n<div class=\"layout-cell layout-item-1\">\n<h2 class=\"sw alternative-heading\">Dise\u00f1o web Responsive Microweb Bajo coste<\/h2>\n<p>Con nuestra econ\u00f3mica Microweb, realizada en la \u00faltima tecnolog\u00eda responsive que adapta el dise\u00f1o a todo tipo de pantallas, desde un ordenador en una oficina a un m\u00f3vil en la v\u00eda p\u00fablica, ud. obtendr\u00e1 la mejor relaci\u00f3n coste beneficio para dar su primer paso en Internet<\/p>\n<p><img loading=\"lazy\" decoding=\"async\" class=\"sombra alignright wp-image-3342 size-medium\" title=\"Dise\u00f1o web responsive Mobile Friendly\" src=\"https:\/\/serviwebsi.com\/seo\/wp-content\/uploads\/2019\/01\/lloc-web-ssl-responsive-300x188.jpg\" alt=\"Sitio web responsive\" width=\"300\" height=\"188\" srcset=\"https:\/\/serviwebsi.com\/seo\/wp-content\/uploads\/2019\/01\/lloc-web-ssl-responsive-300x188.jpg 300w, https:\/\/serviwebsi.com\/seo\/wp-content\/uploads\/2019\/01\/lloc-web-ssl-responsive.jpg 540w\" sizes=\"auto, (max-width: 300px) 100vw, 300px\" \/>ServiwebSI le ofrece dise\u00f1o web responsive ( adaptativo ), que permite visualizar el sitio en todo tipo de dispositivos: ordenadores, smartphones, tablets, SmartTV, mejorando incluso el posicionamiento en buscadores como Google, por utilizar la \u00faltima tecnolog\u00eda, aumentando as\u00ed la oportunidad de captar clientes.<\/p>\n<p><strong>Dise\u00f1o Web Responsive<\/strong>, que permite ver el sitio en la creciente navegaci\u00f3n por m\u00f3vil, se puede generar un C\u00f3digo QR, ese c\u00f3digo de aspecto similar al de barras pero cuadrado, que ya es universal y que se escanea con una app instalada en el propio m\u00f3vil, dirigiendo la navegaci\u00f3n al smartphone, lo que es \u00fatil para incluirlo en todo tipo de material impreso, como sobres, membretes, flyers, papeler\u00eda comercial, anuncios en la v\u00eda p\u00fablica, letreros luminosos, etc. Los sitios web de nuestros clientes est\u00e1n preparados para el futuro, para la creciente navegaci\u00f3n por smartphone que a medida que aumenta la velocidad de las redes m\u00f3viles como por ejemplo 4G, se har\u00e1 cada vez m\u00e1s com\u00fan, dominando una porci\u00f3n mayor del mercado.<\/p>\n<p>ServiWeb Servicios Inform\u00e1ticos est\u00e1 contitu\u00edda por un equipo de freelancers originarios de Espa\u00f1a y Argentina que brinda servicios de Internet relacionados con el dise\u00f1o web, alojamiento web (hosting), tramitaci\u00f3n de dominios espa\u00f1oles e internacionales, posicionamiento SEO para buscadores como Google, asesoramiento y soporte, dise\u00f1o adaptativo ( responsive ) y muy variados servicios relacionados con estas \u00e1reas. Cuenta con experiencia desde 1996 en el \u00e1rea Inform\u00e1tica, en el dise\u00f1o web desde 2002, comercio electr\u00f3nico desde 2005 y dise\u00f1o web responsive desde 2012, con un esquema de empresa virtual para compa\u00f1\u00edas startup, que quieren dar su primer paso en Internet o que quieren potenciar su imagen, venta de productos o servicios, etc.<\/p>\n<p>Freelancers de Espa\u00f1a y Argentina que brindan la mejor relaci\u00f3n coste beneficio.<br \/>\nM\u00e1s de 16 a\u00f1os de trayectoria.<br \/>\nTrabajos realizados en tres continentes: Espa\u00f1a, Europa, Am\u00e9rica Latina, etc. Desde Francia hasta la Patagonia Argentina y desde Guatemala hasta \u00c1frica M\u00e1s de 100 sitios web activos con decenas de miles de p\u00e1ginas..<br \/>\nTiendas de comercio electr\u00f3nico: http:\/\/brucgironashop.com http:\/\/lintima.com http:\/\/tiendaxpels.com<br \/>\nExperiencia en todos los rubros: comercio, industria, capacitaci\u00f3n, gobierno, pol\u00edtica, arte, consultor\u00eda, servicios, medicina, salud, derecho, turismo, inmobiliaria, etc.<br \/>\nServicio integral en un solo precio sin costes escondidos. Asesoramiento, soporte t\u00e9cnico permanente..<br \/>\n4 servidores en Estados Unidos: Chicago (Illinois), Atlanta (Georgia), Saint Louis (Misouri), Orlando (Florida)<\/p>\n<h3 class=\"sw alternative-heading\">Tiendas online -E-commerce<\/h3>\n<p>Si vende productos en Espa\u00f1a podemos ofrecerle su tienda online de comercio electr\u00f3nico, asociada con su banco para la venta con tarjeta de cr\u00e9dito.<\/p>\n<figure id=\"attachment_4322\" aria-describedby=\"caption-attachment-4322\" style=\"width: 300px\" class=\"wp-caption alignright\"><img loading=\"lazy\" decoding=\"async\" class=\"sombra wp-image-4322 size-medium\" title=\"Venda por Internet a Espa\u00f1a y todo el mundo\" src=\"https:\/\/serviwebsi.com\/seo\/wp-content\/uploads\/2019\/01\/venda-por-internet-serviweb-300x225.jpg\" alt=\"Venda por Internet a Espa\u00f1a y todo el mundo\" width=\"300\" height=\"225\" srcset=\"https:\/\/serviwebsi.com\/seo\/wp-content\/uploads\/2019\/01\/venda-por-internet-serviweb-300x225.jpg 300w, https:\/\/serviwebsi.com\/seo\/wp-content\/uploads\/2019\/01\/venda-por-internet-serviweb.jpg 768w, https:\/\/serviwebsi.com\/seo\/wp-content\/uploads\/2019\/01\/venda-por-internet-serviweb-555x416.jpg 555w, https:\/\/serviwebsi.com\/seo\/wp-content\/uploads\/2019\/01\/venda-por-internet-serviweb-100x75.jpg 100w\" sizes=\"auto, (max-width: 300px) 100vw, 300px\" \/><figcaption id=\"caption-attachment-4322\" class=\"wp-caption-text\">Venda por Internet a Espa\u00f1a y todo el mundo<\/figcaption><\/figure>\n<p>Nuestros clientes han facturado m\u00e1s de 100.000 euros en 2015 con nuestra tienda de e-commerce con dise\u00f1o adaptativo ( responsive ) y han facturado mucho m\u00e1s por fuera de ella, ya que nuestro sistema de posicionamiento SEO para buscadores como Google hace que nuestros clientes cierren operaciones tambi\u00e9n por otro medios de contacto m\u00e1s personalizados ( no automatizados como la tienda onlina ), como ser por correo electr\u00f3nico o por v\u00eda telef\u00f3nica.<\/p>\n<h4 class=\"sw alternative-heading\">Dise\u00f1o web Responsive Microweb Bajo coste<\/h4>\n<p>Puede contactarse con nosotros desde <a href=\"https:\/\/serviwebsi.com\/seo\/sitio\/contacto.htm\">nuestro formulario de contacto<\/a> o por correo electr\u00f3nico a <a href=\"mailto:consultas@serviwebsi.com\">consultas@serviwebsi.com<\/a><\/p>\n<\/div>\n<\/div>\n<\/div>\n<\/div>\n<\/div>\n<\/div>\n<\/div><\/div><\/div><\/div><\/div>","protected":false},"excerpt":{"rendered":"<p>ServiWeb Espa\u00f1a: Dise\u00f1o web tiendas online Dise\u00f1o web Responsive Microweb Bajo coste Con nuestra econ\u00f3mica Microweb, realizada en la \u00faltima tecnolog\u00eda responsive que adapta el dise\u00f1o a todo tipo de pantallas, desde un ordenador en una oficina a un m\u00f3vil en la v\u00eda p\u00fablica, ud. obtendr\u00e1 la mejor relaci\u00f3n coste beneficio para dar su primer &hellip;<\/p>\n","protected":false},"author":1,"featured_media":0,"parent":0,"menu_order":0,"comment_status":"closed","ping_status":"open","template":"","meta":{"ngg_post_thumbnail":0,"footnotes":""},"class_list":["post-4104","page","type-page","status-publish","hentry"],"acf":[],"rttpg_featured_image_url":null,"rttpg_author":{"display_name":"admin","author_link":"https:\/\/serviwebsi.com\/seo\/author\/admin\/"},"rttpg_comment":0,"rttpg_category":null,"rttpg_excerpt":"ServiWeb Espa\u00f1a: Dise\u00f1o web tiendas online Dise\u00f1o web Responsive Microweb Bajo coste Con nuestra econ\u00f3mica Microweb, realizada en la \u00faltima tecnolog\u00eda responsive que adapta el dise\u00f1o a todo tipo de pantallas, desde un ordenador en una oficina a un m\u00f3vil en la v\u00eda p\u00fablica, ud. obtendr\u00e1 la mejor relaci\u00f3n coste beneficio para dar su primer&hellip;","_links":{"self":[{"href":"https:\/\/serviwebsi.com\/seo\/wp-json\/wp\/v2\/pages\/4104","targetHints":{"allow":["GET"]}}],"collection":[{"href":"https:\/\/serviwebsi.com\/seo\/wp-json\/wp\/v2\/pages"}],"about":[{"href":"https:\/\/serviwebsi.com\/seo\/wp-json\/wp\/v2\/types\/page"}],"author":[{"embeddable":true,"href":"https:\/\/serviwebsi.com\/seo\/wp-json\/wp\/v2\/users\/1"}],"replies":[{"embeddable":true,"href":"https:\/\/serviwebsi.com\/seo\/wp-json\/wp\/v2\/comments?post=4104"}],"version-history":[{"count":3,"href":"https:\/\/serviwebsi.com\/seo\/wp-json\/wp\/v2\/pages\/4104\/revisions"}],"predecessor-version":[{"id":6486,"href":"https:\/\/serviwebsi.com\/seo\/wp-json\/wp\/v2\/pages\/4104\/revisions\/6486"}],"wp:attachment":[{"href":"https:\/\/serviwebsi.com\/seo\/wp-json\/wp\/v2\/media?parent=4104"}],"curies":[{"name":"wp","href":"https:\/\/api.w.org\/{rel}","templated":true}]}}