{"id":5546,"date":"2019-01-26T19:26:04","date_gmt":"2019-01-26T19:26:04","guid":{"rendered":"https:\/\/serviwebsi.com\/seo\/?page_id=5546"},"modified":"2019-01-28T03:57:25","modified_gmt":"2019-01-28T03:57:25","slug":"tienda-online-ssl-dominio-promocion","status":"publish","type":"page","link":"https:\/\/serviwebsi.com\/seo\/tienda-online-ssl-dominio-promocion\/","title":{"rendered":"SU TIENDA ONLINE AUTOGESTIONABLE"},"content":{"rendered":"<h1 class=\"centrado alternative-heading\">EL MEJOR PRECIO DE MERCADO: SU TIENDA ONLINE AUTOGESTIONABLE<\/h1>\n<h3><strong>INCLUYE REGISTRACI\u00d3N DE DOMINIO (.com) Y CERTIFICADO DE SEGURIDAD SSL <\/strong><\/h3>\n<p>\u2022 <strong>ServiwebSI <\/strong>le ofrece montar su tienda online autogestionable, de f\u00e1cil manejo y con soporte profesional.<br \/>\n\u2022 <strong>Precio promocional.<\/strong> Incluye dise\u00f1o y puesta en marcha de la tienda. Incluye registraci\u00f3n de dominio &#8220;.com&#8221; a su nombre por un a\u00f1o. <img loading=\"lazy\" decoding=\"async\" class=\"alignright\" src=\"https:\/\/serviwebsi.com\/seo\/https-ev-ssl.png\" alt=\"\" width=\"129\" height=\"132\"><br \/>\n\u2022 <strong>Certificado de seguridad SSL incluido en dicho coste<\/strong>, lo que le facilita un entorno seguro de navegaci\u00f3n a sus clientes y mejora el posicionamiento web en los principales buscadores.&nbsp; La gratuitad del certificado SSL se extender\u00e1 mientras nos sea extendida por nuestros proveedores; consultados los mismos nos informaron que llegado el caso hay otras alternativas gratuitas.&nbsp;<br \/>\n\u2022 <strong>5 cuentas de e-mail asociadas al dominio.<\/strong> Espacio de 1 Gb . Tasa de transferencia mensual 3 Gb.<br \/>\n\u2022 <b><strong>Mantenimiento mensual <\/strong><\/b>. Incluye alojamiento del sitio web y soporte t\u00e9cnico.<br \/>\n\u2022 <strong>La mejor relaci\u00f3n coste-calidad de mercado,<\/strong> completamente funcional sobre la plataforma de e-commerce m\u00e1s utilizada mundialmente, Prestashop. Alternativamente se puede optar por WooCommerce con otras caracter\u00edsticas.<br \/>\n\u2022 <strong>Doble sistema de seguridad<\/strong>: la tienda es SSL ( https ) y la transacci\u00f3n se realiza en el sitio del banco que tambi\u00e9n es SSL ( https ).<br \/>\n\u2022 Podr\u00e1 cargar su cat\u00e1logo de productos, recibir sus pedidos, comunicarse con sus clientes, controlar su stock. Recibir pagos online con tarjetas de cr\u00e9dito a trav\u00e9s de la plataforma RedSys (utilizada por la mayor parte de los bancos de Espa\u00f1a), transferencia bancaria, PayPal, Western Union, contrarreembolso, etc.<br \/>\n\u2022 Alojamos su tienda online en proveedores de hosting de primer nivel<br \/>\n\u2022 Realizamos backups (copias de respaldo en forma peri\u00f3dica)<br \/>\n\u2022 Mediante nuestro contrato de mantenimiento y soporte anual podr\u00e1 obtener asesoramiento constante.<\/p>\n<p><img decoding=\"async\" class=\"aligncenter\" src=\"https:\/\/serviwebsi.com\/seo\/tienda-online-comercio-electronico-serviwebsi.png\" alt=\"Tienda online ServiwebSI\"><\/p>\n<h3 class=\"alternative-heading\" style=\"text-align: center;\"><b>COMPARATIVA DE NUESTROS PRECIOS CON LA COMPETENCIA<\/b><\/h3>\n<div align=\"center\">\n<table cellspacing=\"4\" cellpadding=\"3\" border=\"0\">\n<tbody>\n<tr>\n<td bgcolor=\"#C0C0C0\">&nbsp;<\/td>\n<td bgcolor=\"#C0C0C0\" align=\"center\"><b>NOSOTROS<\/b><\/td>\n<td bgcolor=\"#C0C0C0\" align=\"center\"><b> COMPETENCIA<\/b><\/td>\n<\/tr>\n<tr>\n<td bgcolor=\"#F2F2F2\">&nbsp;&nbsp; Estructura de la tienda online (incluye portada, proceso compra, aviso legal, formulario contacto)<\/td>\n<td bgcolor=\"#F2F2F2\">\n<p align=\"center\">450 Euros<\/p>\n<\/td>\n<td bgcolor=\"#F2F2F2\" align=\"center\">\n<p align=\"center\">Desde 599 Euros<\/p>\n<\/td>\n<\/tr>\n<tr>\n<td bgcolor=\"#F2F2F2\">&nbsp;&nbsp; Productos en promoci\u00f3n, comentarios en productos, recomendaci\u00f3n de productos<\/td>\n<td bgcolor=\"#F2F2F2\">\n<p align=\"center\">INCLUIDO SIN COSTE EXTRA<\/p>\n<\/td>\n<td bgcolor=\"#F2F2F2\" align=\"center\">\n<p align=\"center\">Sin informaci\u00f3n<\/p>\n<\/td>\n<\/tr>\n<tr>\n<td bgcolor=\"#F2F2F2\">&nbsp;&nbsp; Pasarela de pagos RedSys (tarjetas de cr\u00e9dito)<\/td>\n<td bgcolor=\"#F2F2F2\" align=\"center\">\n<p align=\"center\">&nbsp; INCLUIDO SIN COSTE EXTRA&nbsp;<\/p>\n<\/td>\n<td bgcolor=\"#F2F2F2\" align=\"center\">\n<p align=\"center\">&nbsp; 199 Euros&nbsp;<\/p>\n<\/td>\n<\/tr>\n<tr>\n<td bgcolor=\"#F2F2F2\">&nbsp;&nbsp; Pasarela de pago contrarreembolso, transferencia bancaria<\/td>\n<td bgcolor=\"#F2F2F2\" align=\"center\">\n<p align=\"center\">&nbsp;INCLUIDO SIN COSTE EXTRA<\/p>\n<\/td>\n<td bgcolor=\"#F2F2F2\" align=\"center\">\n<p align=\"center\">&nbsp; 199 Euros&nbsp;<\/p>\n<\/td>\n<\/tr>\n<tr>\n<td bgcolor=\"#F2F2F2\">&nbsp;&nbsp; Cupones de descuento. Ofertas.<\/td>\n<td bgcolor=\"#F2F2F2\" align=\"center\">\n<p align=\"center\">&nbsp;INCLUIDO SIN COSTE EXTRA<\/p>\n<\/td>\n<td bgcolor=\"#F2F2F2\" align=\"center\">\n<p align=\"center\">&nbsp; 199 Euros&nbsp;<\/p>\n<\/td>\n<\/tr>\n<tr>\n<td bgcolor=\"#F2F2F2\">&nbsp;&nbsp; Registro de usuarios<\/td>\n<td bgcolor=\"#F2F2F2\" align=\"center\">\n<p align=\"center\">&nbsp;INCLUIDO SIN COSTE EXTRA<\/p>\n<\/td>\n<td bgcolor=\"#F2F2F2\" align=\"center\">\n<p align=\"center\">&nbsp; 199 Euros&nbsp;<\/p>\n<\/td>\n<\/tr>\n<tr>\n<td bgcolor=\"#F2F2F2\">&nbsp;&nbsp; Blog de noticias<\/td>\n<td bgcolor=\"#F2F2F2\" align=\"center\">\n<p align=\"center\">&nbsp;INCLUIDO SIN COSTE EXTRA<\/p>\n<\/td>\n<td bgcolor=\"#F2F2F2\" align=\"center\">\n<p align=\"center\">&nbsp; Hasta 199 Euros&nbsp;<\/p>\n<\/td>\n<\/tr>\n<tr>\n<td bgcolor=\"#F2F2F2\">&nbsp;&nbsp; Venta cruzada (productos relacionados)<\/td>\n<td bgcolor=\"#F2F2F2\" align=\"center\">\n<p align=\"center\">&nbsp;INCLUIDO SIN COSTE EXTRA<\/p>\n<\/td>\n<td bgcolor=\"#F2F2F2\" align=\"center\">\n<p align=\"center\">&nbsp; Hasta 199 Euros&nbsp;<\/p>\n<\/td>\n<\/tr>\n<tr>\n<td bgcolor=\"#F2F2F2\">&nbsp;&nbsp; Apartados adicionales (proceso de compra, presentacion empresa, etc)<\/td>\n<td bgcolor=\"#F2F2F2\" align=\"center\">\n<p align=\"center\">&nbsp;INCLUIDO SIN COSTE EXTRA&nbsp;<\/p>\n<\/td>\n<td bgcolor=\"#F2F2F2\">\n<p align=\"center\">&nbsp; 99 Euros&nbsp;<\/p>\n<\/td>\n<\/tr>\n<tr>\n<td bgcolor=\"#F2F2F2\">&nbsp;&nbsp; Idiomas adicionales<\/td>\n<td bgcolor=\"#F2F2F2\" align=\"center\">\n<p align=\"center\">&nbsp; PRESUPUESTAR&nbsp;<\/p>\n<\/td>\n<td bgcolor=\"#F2F2F2\" align=\"center\">\n<p align=\"center\">&nbsp; PRESUPUESTAR&nbsp;<\/p>\n<\/td>\n<\/tr>\n<\/tbody>\n<\/table>\n<\/div>\n<div align=\"center\">\n<h3 class=\"alternative-heading\">Nuestras tiendas tienen las siguientes caracter\u00edsticas:<\/h3>\n<table width=\"90%\" cellspacing=\"11\" cellpadding=\"10\">\n<tbody>\n<tr>\n<td width=\"33%\" valign=\"top\" bgcolor=\"#F2F2F2\" align=\"center\"><img loading=\"lazy\" decoding=\"async\" src=\"https:\/\/serviwebsi.com\/seo\/sitio-responsive.png\" width=\"64\" vspace=\"5\" height=\"64\" border=\"0\"><\/p>\n<h3 class=\"auto-style1\">Dise\u00f1o Responsive<\/h3>\n<p>&nbsp;<\/p>\n<p>Su tienda online con dise\u00f1o responsive&nbsp; adaptativo que permite ser visualizada de forma \u00f3ptima en dispositivos m\u00f3viles como smartphones o tablets, ademas de su ordenador<\/td>\n<td width=\"33%\" valign=\"top\" bgcolor=\"#F2F2F2\" align=\"center\">\n<h3 class=\"sppb-addon-title sppb-feature-box-title\"><span style=\"font-size: medium;\"> <img loading=\"lazy\" decoding=\"async\" src=\"https:\/\/serviwebsi.com\/seo\/Folder-Options-icon.png\" width=\"64\" vspace=\"5\" height=\"64\" border=\"0\"><\/span><\/h3>\n<h3 class=\"sppb-addon-title sppb-feature-box-title\">Funcionalidades de la tienda<\/h3>\n<p class=\"sppb-addon-title sppb-feature-box-title\">&nbsp;<\/p>\n<p>La mejor soluci\u00f3n de comercio electr\u00f3nico dotada de cientos de funcionalidades que cubren las necesidades de una tienda online.<\/td>\n<td width=\"33%\" valign=\"top\" bgcolor=\"#F2F2F2\" align=\"center\"><img loading=\"lazy\" decoding=\"async\" src=\"https:\/\/serviwebsi.com\/seo\/up.png\" width=\"64\" vspace=\"5\" height=\"64\" border=\"0\"><\/p>\n<h3>Uso intuitivo<\/h3>\n<p>&nbsp;<\/p>\n<p>Podr\u00e1 f\u00e1cilmente administrar, actualizar, a\u00f1adir, editar&nbsp; sus productos, pedidos, cupones, promociones, clientes, con un panel de administraci\u00f3n potente y claro.<\/td>\n<\/tr>\n<tr>\n<td width=\"33%\" valign=\"top\" bgcolor=\"#F2F2F2\" align=\"center\"><img loading=\"lazy\" decoding=\"async\" src=\"https:\/\/serviwebsi.com\/seo\/tarjetas-credito.png\" width=\"64\" vspace=\"5\" height=\"64\" border=\"0\"><\/p>\n<h3>Pagos inmediatos<\/h3>\n<p>&nbsp;<\/p>\n<p>Puede recibir los pagos online luego de realizada la compra por el cliente a trav\u00e9s de la forma que prefiera de pago que prefiera como&nbsp; tarjetas de cr\u00e9dito o transferencia bancaria.<\/td>\n<td width=\"33%\" valign=\"top\" bgcolor=\"#F2F2F2\" align=\"center\">\n<h3 class=\"sppb-addon-title sppb-feature-box-title\"><img loading=\"lazy\" decoding=\"async\" src=\"https:\/\/serviwebsi.com\/seo\/lock-icon.png\" width=\"64\" vspace=\"5\" height=\"64\" border=\"0\"><\/h3>\n<h3>Pago seguro y SSL<\/h3>\n<p class=\"sppb-addon-title sppb-feature-box-title\">&nbsp;<\/p>\n<div class=\"sppb-addon-text\">\n<p>Instalaci\u00f3n y configuraci\u00f3n inicial de los siguientes m\u00e9todos de pago:&nbsp; PayPal, TPV online de Redsys.&nbsp; transferencia bancaria, Western Union, contrarreembolso.<\/p>\n<\/div>\n<\/td>\n<td width=\"33%\" valign=\"top\" bgcolor=\"#F2F2F2\" align=\"center\">\n<div class=\"sppb-addon-text\">\n<p><img loading=\"lazy\" decoding=\"async\" src=\"https:\/\/serviwebsi.com\/seo\/entregas.png\" width=\"64\" vspace=\"5\" height=\"64\" border=\"0\"><\/p>\n<h3>Entrega de los productos<\/h3>\n<p>Formas de envio de los productos, configurando las tarifas de los distintos transportistas seg\u00fan destino, peso y tipo de envio.<\/p>\n<\/div>\n<\/td>\n<\/tr>\n<tr>\n<td width=\"33%\" valign=\"top\" bgcolor=\"#F2F2F2\" align=\"center\"><img loading=\"lazy\" decoding=\"async\" src=\"https:\/\/serviwebsi.com\/seo\/cupones-descuento.png\" width=\"64\" vspace=\"10\" height=\"64\" border=\"0\"><\/p>\n<h3>Cupones de descuento<\/h3>\n<p>&nbsp;<\/p>\n<p>Puede crear c\u00f3digos de descuento personalizados que permitan a los clientes ofrecerles un producto gratis, un porcentaje descuento u otro tipo de beneficio.<\/td>\n<td width=\"33%\" valign=\"top\" bgcolor=\"#F2F2F2\" align=\"center\"><img loading=\"lazy\" decoding=\"async\" src=\"https:\/\/serviwebsi.com\/seo\/rate_star.png\" width=\"64\" vspace=\"10\" height=\"64\" border=\"0\"><\/p>\n<h3>Opiniones y testimonios de los clientes<\/h3>\n<p>&nbsp;<\/p>\n<p>Reciba comentarios de clientes, que ser\u00e1n los mejores publicistas de sus productos dando confianza a otros compradores y tambi\u00e9n permiten enriquecer el contenido de la tienda.<\/td>\n<td width=\"33%\" valign=\"top\" bgcolor=\"#F2F2F2\" align=\"center\">\n<div class=\"sppb-addon-text\">\n<p><img loading=\"lazy\" decoding=\"async\" src=\"https:\/\/serviwebsi.com\/seo\/promociones.png\" width=\"64\" vspace=\"10\" height=\"64\" border=\"0\"><\/p>\n<h3>Promociones y ofertas<\/h3>\n<p class=\"sppb-addon-title sppb-feature-box-title\">&nbsp;<\/p>\n<div class=\"sppb-addon-text\">\n<p>Permite crear reglas de compra como por ej. &#8220;compre dos al precio de uno&#8221; o descuentos que se aplican a cierto grupo de clientes como por ej. mayoristas.<\/p>\n<\/div>\n<\/div>\n<\/td>\n<\/tr>\n<tr>\n<td width=\"33%\" valign=\"top\" bgcolor=\"#F2F2F2\" align=\"center\"><img loading=\"lazy\" decoding=\"async\" src=\"https:\/\/serviwebsi.com\/seo\/atencion-cliente.jpg\" width=\"64\" vspace=\"10\" height=\"64\" border=\"0\"><\/p>\n<h3>Atenci\u00f3n al cliente<\/h3>\n<p>Posibilidad de contacto de los clientes para hacer consultas sobre alg\u00fan producto, gestionar devoluciones . etc.<\/td>\n<td width=\"33%\" valign=\"top\" bgcolor=\"#F2F2F2\" align=\"center\"><img loading=\"lazy\" decoding=\"async\" src=\"https:\/\/serviwebsi.com\/seo\/mas_318-142634.jpg\" width=\"64\" vspace=\"10\" height=\"64\" border=\"0\"><\/p>\n<h3>Productos iniciales<\/h3>\n<p>Para que comience a operar con su tienda r\u00e1pidamente incluiremos por usted sin costo extra <b>los primeros 25 art\u00edculos y las 5 categor\u00edas iniciales.<\/b> Luego le explicaremos como hacerlo ustedes mismos.<\/td>\n<td width=\"33%\" valign=\"top\" bgcolor=\"#F2F2F2\" align=\"center\"><b> <img loading=\"lazy\" decoding=\"async\" src=\"https:\/\/serviwebsi.com\/seo\/accept.png\" width=\"64\" vspace=\"10\" height=\"64\" border=\"0\"><\/b><\/p>\n<h3>Atributos<\/h3>\n<p>&nbsp;La tienda permite la posibilidad de configurar atributos a los productos, esto es a\u00f1adir por ejemplo tallas, colores.&nbsp; Para facilitar su arranque, le configuramos 5 atributos iniciales.<\/td>\n<\/tr>\n<tr>\n<td width=\"33%\" bgcolor=\"#F2F2F2\" align=\"center\"><img loading=\"lazy\" decoding=\"async\" src=\"https:\/\/serviwebsi.com\/seo\/88450.png\" width=\"64\" vspace=\"10\" height=\"64\" border=\"0\"><\/p>\n<h3>Formularios de contacto<\/h3>\n<p>Formulario de contacto a disposici\u00f3n de sus potenciales clientes.<\/td>\n<td width=\"33%\" bgcolor=\"#F2F2F2\" align=\"center\"><img loading=\"lazy\" decoding=\"async\" src=\"https:\/\/serviwebsi.com\/seo\/social_media_sharing_16320.png\" width=\"64\" vspace=\"10\" height=\"64\" border=\"0\"><\/p>\n<h3>Enlace a redes sociales<\/h3>\n<p>Enlazamos a sus redes sociales y a\u00f1adimos opciones para compartir contenido.<\/td>\n<td width=\"33%\" bgcolor=\"#F2F2F2\" align=\"center\"><img loading=\"lazy\" decoding=\"async\" src=\"https:\/\/serviwebsi.com\/seo\/1485477190-location_78568.png\" width=\"64\" vspace=\"10\" height=\"64\" border=\"0\"><\/p>\n<h3>Ubicaci\u00f3n<\/h3>\n<p>Plano de Google Maps integrado con identificaci\u00f3n de su ubicaci\u00f3n.<\/td>\n<\/tr>\n<tr>\n<td width=\"33%\" valign=\"top\" bgcolor=\"#F2F2F2\" align=\"center\"><img loading=\"lazy\" decoding=\"async\" src=\"https:\/\/serviwebsi.com\/seo\/magnifyingglasssearcher_99715.png\" width=\"64\" vspace=\"10\" height=\"64\" border=\"0\"><\/p>\n<h3>Buscadores<\/h3>\n<p>Damos de alta su web en los principales buscadores.<\/td>\n<td width=\"33%\" valign=\"top\" bgcolor=\"#F2F2F2\" align=\"center\"><img loading=\"lazy\" decoding=\"async\" src=\"https:\/\/serviwebsi.com\/seo\/article_blog_sign_icon-icons.com_51086.png\" width=\"64\" vspace=\"10\" height=\"64\" border=\"0\"><\/p>\n<h3>Blog de novedades<\/h3>\n<p>Publique sus novedades a trav\u00e9s de su blog o secci\u00f3n de Actualidad en la misma tienda.<\/td>\n<td width=\"33%\" valign=\"top\" bgcolor=\"#F2F2F2\" align=\"center\"><img loading=\"lazy\" decoding=\"async\" src=\"https:\/\/serviwebsi.com\/seo\/if_55_311141.png\" width=\"64\" vspace=\"10\" height=\"64\" border=\"0\"><\/p>\n<h3>P\u00e1ginas adicionales<\/h3>\n<p>Incorporamos las paginas de la politica de privacidad y aviso legal,&nbsp; pol\u00edticas de compra, venta, devoluciones de su tienda online.<\/td>\n<\/tr>\n<tr>\n<td width=\"33%\" valign=\"top\" bgcolor=\"#F2F2F2\" align=\"center\"><img loading=\"lazy\" decoding=\"async\" src=\"https:\/\/serviwebsi.com\/seo\/sitemap_icon-icons.com_72185.png\" width=\"64\" vspace=\"10\" height=\"59\" border=\"0\"><\/p>\n<h3>Mapa del sitio<\/h3>\n<p>Creaci\u00f3n de mapa del sitio web y env\u00edo a Google.<\/td>\n<td width=\"33%\" valign=\"top\" bgcolor=\"#F2F2F2\" align=\"center\"><img loading=\"lazy\" decoding=\"async\" src=\"https:\/\/serviwebsi.com\/seo\/HomeServer_icon-icons.com_55232.png\" width=\"64\" vspace=\"10\" height=\"64\" border=\"0\"><\/p>\n<h3>Copias de Respaldo<\/h3>\n<p>Copias de seguridad peri\u00f3dicas de su p\u00e1gina para salvaguardar su web.<\/td>\n<td width=\"33%\" valign=\"top\" bgcolor=\"#F2F2F2\" align=\"center\"><img loading=\"lazy\" decoding=\"async\" src=\"https:\/\/serviwebsi.com\/seo\/analytics-bars-graphic-on-a-monitor-screen_icon-icons.com_53801.png\" width=\"64\" vspace=\"10\" height=\"64\" border=\"0\"><\/p>\n<h3>Google Analytics<\/h3>\n<p>Damos de alta su p\u00e1gina web en Google Analytics.<\/td>\n<\/tr>\n<tr>\n<td width=\"33%\" valign=\"top\" bgcolor=\"#F2F2F2\" align=\"center\"><img loading=\"lazy\" decoding=\"async\" src=\"https:\/\/serviwebsi.com\/seo\/bank-details-icon.png\" width=\"83\" vspace=\"5\" height=\"75\" border=\"0\"><\/p>\n<h3>Cumplimiento legislaci\u00f3n<\/h3>\n<p>&nbsp;<\/p>\n<p>Cumplimiento de la legislaci\u00f3n espa\u00f1ola y europea. Inclusi\u00f3n de aviso pol\u00edtica de cookies e informaci\u00f3n sobre la Plataforma de Resoluci\u00f3n de Litigios en L\u00ednea de la UE.<\/td>\n<td width=\"33%\" valign=\"top\" bgcolor=\"#F2F2F2\" align=\"center\"><b> <img loading=\"lazy\" decoding=\"async\" src=\"https:\/\/serviwebsi.com\/seo\/info_black.png\" width=\"64\" vspace=\"10\" height=\"64\" border=\"0\"><\/b><\/p>\n<h3>Tutorial para manejo de su tienda<\/h3>\n<p>&nbsp;<\/p>\n<p>Gesti\u00f3nela sin preocupaciones y d\u00e9jenos a nosotros la parte t\u00e9cnica. e enviaremos un tutorial para manejar su tienda online.&nbsp;<br \/>\nSiempre le ofreceremos el mejor servicio de soporte t\u00e9cnico.<\/td>\n<td width=\"33%\" valign=\"top\" bgcolor=\"#F2F2F2\" align=\"center\"><b> <img loading=\"lazy\" decoding=\"async\" src=\"https:\/\/serviwebsi.com\/seo\/Soporte_01.png\" width=\"64\" vspace=\"10\" height=\"63\" border=\"0\"><\/b><\/p>\n<h3>Mantenimiento mensual<\/h3>\n<p>Con nuestro contrato de mantenimiento y por solo 15 euros al mes, podr\u00e1 contar con la tranquilidad de disponer de un soporte profesional, un hosting de calidad y un equipo humano a su servicio.<\/td>\n<\/tr>\n<\/tbody>\n<\/table>\n<\/div>\n<div align=\"center\">\n<table cellspacing=\"7\" cellpadding=\"4\" align=\"center\">\n<tbody>\n<tr>\n<td>\n<h2><a href=\"https:\/\/serviwebsi.com\/seo\/contacto\/\">CONTACTE CON NOSOTROS SIN COMPROMISO ALGUNO<\/a><\/h2>\n<\/td>\n<\/tr>\n<\/tbody>\n<\/table>\n<\/div>\n","protected":false},"excerpt":{"rendered":"<p>EL MEJOR PRECIO DE MERCADO: SU TIENDA ONLINE AUTOGESTIONABLE INCLUYE REGISTRACI\u00d3N DE DOMINIO (.com) Y CERTIFICADO DE SEGURIDAD SSL \u2022 ServiwebSI le ofrece montar su tienda online autogestionable, de f\u00e1cil manejo y con soporte profesional. \u2022 Precio promocional. Incluye dise\u00f1o y puesta en marcha de la tienda. Incluye registraci\u00f3n de dominio &#8220;.com&#8221; a su nombre &hellip;<\/p>\n","protected":false},"author":1,"featured_media":0,"parent":0,"menu_order":0,"comment_status":"closed","ping_status":"open","template":"","meta":{"ngg_post_thumbnail":0,"footnotes":""},"class_list":["post-5546","page","type-page","status-publish","hentry"],"acf":[],"rttpg_featured_image_url":null,"rttpg_author":{"display_name":"admin","author_link":"https:\/\/serviwebsi.com\/seo\/author\/admin\/"},"rttpg_comment":0,"rttpg_category":null,"rttpg_excerpt":"EL MEJOR PRECIO DE MERCADO: SU TIENDA ONLINE AUTOGESTIONABLE INCLUYE REGISTRACI\u00d3N DE DOMINIO (.com) Y CERTIFICADO DE SEGURIDAD SSL \u2022 ServiwebSI le ofrece montar su tienda online autogestionable, de f\u00e1cil manejo y con soporte profesional. \u2022 Precio promocional. Incluye dise\u00f1o y puesta en marcha de la tienda. Incluye registraci\u00f3n de dominio &#8220;.com&#8221; a su nombre&hellip;","_links":{"self":[{"href":"https:\/\/serviwebsi.com\/seo\/wp-json\/wp\/v2\/pages\/5546","targetHints":{"allow":["GET"]}}],"collection":[{"href":"https:\/\/serviwebsi.com\/seo\/wp-json\/wp\/v2\/pages"}],"about":[{"href":"https:\/\/serviwebsi.com\/seo\/wp-json\/wp\/v2\/types\/page"}],"author":[{"embeddable":true,"href":"https:\/\/serviwebsi.com\/seo\/wp-json\/wp\/v2\/users\/1"}],"replies":[{"embeddable":true,"href":"https:\/\/serviwebsi.com\/seo\/wp-json\/wp\/v2\/comments?post=5546"}],"version-history":[{"count":9,"href":"https:\/\/serviwebsi.com\/seo\/wp-json\/wp\/v2\/pages\/5546\/revisions"}],"predecessor-version":[{"id":5734,"href":"https:\/\/serviwebsi.com\/seo\/wp-json\/wp\/v2\/pages\/5546\/revisions\/5734"}],"wp:attachment":[{"href":"https:\/\/serviwebsi.com\/seo\/wp-json\/wp\/v2\/media?parent=5546"}],"curies":[{"name":"wp","href":"https:\/\/api.w.org\/{rel}","templated":true}]}}