{"id":6801,"date":"2021-04-22T20:47:19","date_gmt":"2021-04-22T20:47:19","guid":{"rendered":"https:\/\/serviwebsi.com\/seo\/?page_id=6801"},"modified":"2021-04-23T04:48:52","modified_gmt":"2021-04-23T04:48:52","slug":"nos-pedian-mas-aqui-esta-webteamtool-locator","status":"publish","type":"page","link":"https:\/\/serviwebsi.com\/seo\/nos-pedian-mas-aqui-esta-webteamtool-locator\/","title":{"rendered":"\u00bfNOS PEDIAN M\u00c1S? AQU\u00cd EST\u00c1: WEBTEAMTOOL LOCATOR"},"content":{"rendered":"<div id=\"pl-6801\"  class=\"panel-layout\" ><div id=\"pg-6801-0\"  class=\"panel-grid panel-no-style\" ><div id=\"pgc-6801-0-0\"  class=\"panel-grid-cell\" ><div id=\"panel-6801-0-0-0\" class=\"so-panel widget widget_media_video panel-first-child\" data-index=\"0\" ><div style=\"width:100%;\" class=\"wp-video\"><video class=\"wp-video-shortcode\" id=\"video-6801-1\" preload=\"metadata\" controls=\"controls\"><source type=\"video\/youtube\" src=\"https:\/\/youtu.be\/R-sTE1f5ptM?_=1\" \/><a href=\"https:\/\/youtu.be\/R-sTE1f5ptM\">https:\/\/youtu.be\/R-sTE1f5ptM<\/a><\/video><\/div><\/div><div id=\"panel-6801-0-0-1\" class=\"so-panel widget widget_sow-editor panel-last-child\" data-index=\"1\" ><div\n\t\t\t\n\t\t\tclass=\"so-widget-sow-editor so-widget-sow-editor-base\"\n\t\t\t\n\t\t>\n<div class=\"siteorigin-widget-tinymce textwidget\">\n\t<p>Por diversas razones muchas veces nos es necesario monitorear a nuestro equipo, en estos tiempos de pandemia, inseguridad urbana y tantos factores m\u00e1s.<\/p>\n<p><strong>WEBTEAMTOOL 2.0<\/strong> agrega a todas sus funcionalidades la del <strong>RASTREO GPS<\/strong>: la de localizar a todos los dispositivos m\u00f3viles a los que se instala una APP y que circulan por la v\u00eda p\u00fablica.<\/p>\n<p><img loading=\"lazy\" decoding=\"async\" class=\"aligncenter wp-image-6802 size-full\" title=\"WEBTEAMTOOL 2.0\" src=\"https:\/\/serviwebsi.com\/seo\/wp-content\/uploads\/2021\/04\/Image13.jpg\" alt=\"WEBTEAMTOOL 2.0\" width=\"522\" height=\"372\" srcset=\"https:\/\/serviwebsi.com\/seo\/wp-content\/uploads\/2021\/04\/Image13.jpg 522w, https:\/\/serviwebsi.com\/seo\/wp-content\/uploads\/2021\/04\/Image13-300x214.jpg 300w\" sizes=\"auto, (max-width: 522px) 100vw, 522px\" \/><\/p>\n<p><strong>MEJORE LA EFICIENCIA, LA SEGURIDAD Y LA RENTABILIDAD CON LAS HERRAMIENTAS TECNOL\u00d3GICAS DE WEBTEAMTOOL<\/strong><\/p>\n<p>&nbsp;<\/p>\n<h3><strong>ALGUNOS ESCENARIOS POSIBLES DONDE ESTA FUNCIONALIDAD PUEDE HASTA LLEGAR A SER VITAL<\/strong><\/h3>\n<p>&nbsp;<\/p>\n<p>Un repartidor, o entregador de pedidos, de mercader\u00eda, vendedor, etc. se encuentra perdido en un barrio complicado, a trasmano o en un corte de camino.<\/p>\n<p>Desde la central y con el mapa en el panel de control se le puede guiar por la ruta m\u00e1s corta y m\u00e1s r\u00e1pida. Un pedido entregado a tiempo es posibles ventas futuras por la satisfacci\u00f3n del cliente.<\/p>\n<p align=\"center\"><img loading=\"lazy\" decoding=\"async\" class=\"alignnone size-full wp-image-6803\" src=\"https:\/\/serviwebsi.com\/seo\/wp-content\/uploads\/2021\/04\/Image23.jpg\" alt=\"\" width=\"512\" height=\"364\" srcset=\"https:\/\/serviwebsi.com\/seo\/wp-content\/uploads\/2021\/04\/Image23.jpg 512w, https:\/\/serviwebsi.com\/seo\/wp-content\/uploads\/2021\/04\/Image23-300x213.jpg 300w\" sizes=\"auto, (max-width: 512px) 100vw, 512px\" \/><\/p>\n<p><strong>&nbsp;<\/strong><\/p>\n<p>Un miembro del equipo sufre un accidente o un robo en la calle, tanto sea personal como de mercader\u00eda de la empresa; se tiene su ubicaci\u00f3n y se puede llegar con la asistencia inmediatamente. Pero si tambi\u00e9n le han robado el m\u00f3vil y sigue funcionando, se dispone de la ruta de escape del delincuente.<\/p>\n<p><img loading=\"lazy\" decoding=\"async\" class=\"size-full wp-image-6804 aligncenter\" src=\"https:\/\/serviwebsi.com\/seo\/wp-content\/uploads\/2021\/04\/WEBTEAMTOOL-RASTREO-GPS.jpg\" alt=\"\" width=\"800\" height=\"505\" srcset=\"https:\/\/serviwebsi.com\/seo\/wp-content\/uploads\/2021\/04\/WEBTEAMTOOL-RASTREO-GPS.jpg 800w, https:\/\/serviwebsi.com\/seo\/wp-content\/uploads\/2021\/04\/WEBTEAMTOOL-RASTREO-GPS-300x189.jpg 300w, https:\/\/serviwebsi.com\/seo\/wp-content\/uploads\/2021\/04\/WEBTEAMTOOL-RASTREO-GPS-768x485.jpg 768w, https:\/\/serviwebsi.com\/seo\/wp-content\/uploads\/2021\/04\/WEBTEAMTOOL-RASTREO-GPS-555x350.jpg 555w\" sizes=\"auto, (max-width: 800px) 100vw, 800px\" \/><\/p>\n<p>&nbsp;<\/p>\n<p>Solucionar inconvenientes t\u00e9cnicos de veh\u00edculo de transporte, o incorporar visitas a clientes en la ruta que surjan sobre la marcha, con la consiguiente calidad en la atenci\u00f3n por la celeridad y eficiencia, adem\u00e1s de la econom\u00eda de recursos, evitando un segundo viaje y la demora para el cliente.<\/p>\n<p>La posibilidad de verificar los km. recorridos para optimizar rutas y recursos, etc.<\/p>\n<p><img loading=\"lazy\" decoding=\"async\" class=\"size-full wp-image-6805 aligncenter\" src=\"https:\/\/serviwebsi.com\/seo\/wp-content\/uploads\/2021\/04\/gps-plotter3.jpg\" alt=\"\" width=\"500\" height=\"421\" srcset=\"https:\/\/serviwebsi.com\/seo\/wp-content\/uploads\/2021\/04\/gps-plotter3.jpg 500w, https:\/\/serviwebsi.com\/seo\/wp-content\/uploads\/2021\/04\/gps-plotter3-300x253.jpg 300w\" sizes=\"auto, (max-width: 500px) 100vw, 500px\" \/><\/p>\n<\/div>\n<\/div><\/div><\/div><\/div><div id=\"pg-6801-1\"  class=\"panel-grid panel-no-style\" ><div id=\"pgc-6801-1-0\"  class=\"panel-grid-cell\" ><div id=\"panel-6801-1-0-0\" class=\"so-panel widget widget_sow-editor panel-first-child panel-last-child\" data-index=\"2\" ><div\n\t\t\t\n\t\t\tclass=\"so-widget-sow-editor so-widget-sow-editor-base\"\n\t\t\t\n\t\t>\n<div class=\"siteorigin-widget-tinymce textwidget\">\n\t<p><strong>WEBTEAMTOOL<\/strong> es una herramienta de prop\u00f3sitos generales para el trabajo en equipo, el teletrabajo, equipos de service o instalaciones, cooperativas, vendedores, aut\u00f3nomos, emprendedores o lo que su creatividad emprendedora pueda imaginar y los usos para adaptar esta herramienta a su actividad son diversos. Como est\u00e1 basado en el cl\u00e1sico sitio web de oferta de servicios y\/o productos m\u00e1s un intrasitio privado los usos que se le pueden dar son m\u00faltiples. Consulte que nuevas herramientas se pueden incorporar para su actividad especifica. Ud. elige qu\u00e9 m\u00f3dulos quiere que le habilitemos y cu\u00e1les no.<\/p>\n<p>&nbsp;<\/p>\n<h2>CARACTER\u00cdSTICAS DE WEBTEAMTOOL<\/h2>\n<h3><strong>WEBTEAMTOOL: \u00a1Dos sitios web al coste de uno!<\/strong><\/h3>\n<p>Al cl\u00e1sico sitio web accesible a su p\u00fablico y los buscadores como Google, sumamos un intrasitio, inaccesible para personal no autorizado, con el acceso denegado a los rastreadores de buscadores, para que su informaci\u00f3n de emprendimiento no aparezca en Google. Imag\u00ednese un escaparate para que el p\u00fablico pueda ver sus ofertas de productos y\/o servicios y una oficina a puertas cerradas, solo accesible a su plantilla.<\/p>\n<p><img loading=\"lazy\" decoding=\"async\" class=\"size-full wp-image-6806 aligncenter\" src=\"https:\/\/serviwebsi.com\/seo\/wp-content\/uploads\/2021\/04\/webteamtool3.jpg\" alt=\"\" width=\"820\" height=\"439\" srcset=\"https:\/\/serviwebsi.com\/seo\/wp-content\/uploads\/2021\/04\/webteamtool3.jpg 820w, https:\/\/serviwebsi.com\/seo\/wp-content\/uploads\/2021\/04\/webteamtool3-300x161.jpg 300w, https:\/\/serviwebsi.com\/seo\/wp-content\/uploads\/2021\/04\/webteamtool3-768x411.jpg 768w, https:\/\/serviwebsi.com\/seo\/wp-content\/uploads\/2021\/04\/webteamtool3-555x297.jpg 555w\" sizes=\"auto, (max-width: 820px) 100vw, 820px\" \/><\/p>\n<p>&nbsp;<\/p>\n<p><strong>INTRASITIO<\/strong><strong>&nbsp;&nbsp;&nbsp;&nbsp;&nbsp;&nbsp;&nbsp;&nbsp;&nbsp;&nbsp;<\/strong><\/p>\n<ul>\n<li>Bot\u00f3n de Whatsapp para enviar mensajes al Grupo de trabajo establecido (para ordenadores de escritorio hay que tener instalado Whatsapp Web)<\/li>\n<li>Bot\u00f3n de Whatsapp para enviar mensajes individuales a cada integrante de grupo, proveedores, etc. (para ordenadores de escritorio hay que tener instalado Whatsapp Web)<\/li>\n<li>Rastreo GPS en un panel de control a trav\u00e9s de una APP instalada en cada dispositivo m\u00f3vil de cada integrante del sitio<\/li>\n<li>10 GB de almacenamiento en la nube de ficheros personales provistos por BOX.COM<\/li>\n<li>Acceso de seguridad para diferentes usuarios con diferentes permisos<\/li>\n<li>Integraci\u00f3n con herramientas de Office en l\u00ednea en la nube para procesador de textos Word, planilla de c\u00e1lculos Excel, presentaciones, etc.<\/li>\n<li>Calculadora, calendario y hora en su ciudad (y en otras si as\u00ed lo desea), conversor de divisas, plantillas para facturas proforma, etc.<\/li>\n<li>No rastreable por buscadores para que su informaci\u00f3n clave permanezca privada.<\/li>\n<li>Personalizable a las necesidades espec\u00edficas de su actividad<\/li>\n<\/ul>\n<p>&nbsp;<\/p>\n<p><img loading=\"lazy\" decoding=\"async\" class=\"size-full wp-image-6807 aligncenter\" src=\"https:\/\/serviwebsi.com\/seo\/wp-content\/uploads\/2021\/04\/webteamtool2.jpg\" alt=\"\" width=\"820\" height=\"526\" srcset=\"https:\/\/serviwebsi.com\/seo\/wp-content\/uploads\/2021\/04\/webteamtool2.jpg 820w, https:\/\/serviwebsi.com\/seo\/wp-content\/uploads\/2021\/04\/webteamtool2-300x192.jpg 300w, https:\/\/serviwebsi.com\/seo\/wp-content\/uploads\/2021\/04\/webteamtool2-768x493.jpg 768w, https:\/\/serviwebsi.com\/seo\/wp-content\/uploads\/2021\/04\/webteamtool2-555x356.jpg 555w\" sizes=\"auto, (max-width: 820px) 100vw, 820px\" \/><\/p>\n<p><strong>SITIO P\u00daBLICO<\/strong><strong>&nbsp;<\/strong><\/p>\n<p>Adem\u00e1s del sitio web interno para el trabajo en equipo, otro sitio web cl\u00e1sico al p\u00fablico con todas las caracter\u00edsticas necesarias-<\/p>\n<ul>\n<li>Dise\u00f1ado desde sus cimientos para el posicionamiento SEO (optimizado para buscadores como Google)<\/li>\n<li>Dise\u00f1o Responsive, que se adapta a todo tipo de dispositivos: ordenadores de escritorio, m\u00f3viles, tabletas, etc.<\/li>\n<li>Dominio internacional .com registrado por un a\u00f1o a su nombre o de quien indique ( Ejemplo miemprendimiento.com )<\/li>\n<li>Sitio web de hasta 8 p\u00e1ginas iniciales.<\/li>\n<li>Espacio de hosting de 1 GB con transferencia mensual de 4 GB<\/li>\n<li>5 casillas de correo personalizadas ( Ejemplo&nbsp;<span id=\"wpmt-301517-542471\">manueljimenez@miemprendimiento.com<\/span>&nbsp;)<\/li>\n<li>Todo al coste de un sitio web y con todo el asesoramiento y soporte en todo momento.<\/li>\n<\/ul>\n<p align=\"center\">&nbsp;<\/p>\n<\/div>\n<\/div><\/div><\/div><\/div><\/div>","protected":false},"excerpt":{"rendered":"<p>Por diversas razones muchas veces nos es necesario monitorear a nuestro equipo, en estos tiempos de pandemia, inseguridad urbana y tantos factores m\u00e1s. WEBTEAMTOOL 2.0 agrega a todas sus funcionalidades la del RASTREO GPS: la de localizar a todos los dispositivos m\u00f3viles a los que se instala una APP y que circulan por la v\u00eda &hellip;<\/p>\n","protected":false},"author":1,"featured_media":0,"parent":0,"menu_order":0,"comment_status":"closed","ping_status":"closed","template":"","meta":{"ngg_post_thumbnail":0,"footnotes":""},"class_list":["post-6801","page","type-page","status-publish","hentry"],"acf":[],"rttpg_featured_image_url":null,"rttpg_author":{"display_name":"admin","author_link":"https:\/\/serviwebsi.com\/seo\/author\/admin\/"},"rttpg_comment":0,"rttpg_category":null,"rttpg_excerpt":"Por diversas razones muchas veces nos es necesario monitorear a nuestro equipo, en estos tiempos de pandemia, inseguridad urbana y tantos factores m\u00e1s. WEBTEAMTOOL 2.0 agrega a todas sus funcionalidades la del RASTREO GPS: la de localizar a todos los dispositivos m\u00f3viles a los que se instala una APP y que circulan por la v\u00eda&hellip;","_links":{"self":[{"href":"https:\/\/serviwebsi.com\/seo\/wp-json\/wp\/v2\/pages\/6801","targetHints":{"allow":["GET"]}}],"collection":[{"href":"https:\/\/serviwebsi.com\/seo\/wp-json\/wp\/v2\/pages"}],"about":[{"href":"https:\/\/serviwebsi.com\/seo\/wp-json\/wp\/v2\/types\/page"}],"author":[{"embeddable":true,"href":"https:\/\/serviwebsi.com\/seo\/wp-json\/wp\/v2\/users\/1"}],"replies":[{"embeddable":true,"href":"https:\/\/serviwebsi.com\/seo\/wp-json\/wp\/v2\/comments?post=6801"}],"version-history":[{"count":6,"href":"https:\/\/serviwebsi.com\/seo\/wp-json\/wp\/v2\/pages\/6801\/revisions"}],"predecessor-version":[{"id":6813,"href":"https:\/\/serviwebsi.com\/seo\/wp-json\/wp\/v2\/pages\/6801\/revisions\/6813"}],"wp:attachment":[{"href":"https:\/\/serviwebsi.com\/seo\/wp-json\/wp\/v2\/media?parent=6801"}],"curies":[{"name":"wp","href":"https:\/\/api.w.org\/{rel}","templated":true}]}}