{"id":6935,"date":"2021-06-16T15:23:58","date_gmt":"2021-06-16T15:23:58","guid":{"rendered":"https:\/\/serviwebsi.com\/seo\/?page_id=6935"},"modified":"2021-06-18T23:15:25","modified_gmt":"2021-06-18T23:15:25","slug":"tienda-plus-shop-e-commerce","status":"publish","type":"page","link":"https:\/\/serviwebsi.com\/seo\/tienda-plus-shop-e-commerce\/","title":{"rendered":"E-COMMERCE TIENDA PLUS SHOP"},"content":{"rendered":"<div id=\"pl-6935\"  class=\"panel-layout\" ><div id=\"pg-6935-0\"  class=\"panel-grid panel-no-style\" ><div id=\"pgc-6935-0-0\"  class=\"panel-grid-cell\" ><div id=\"panel-6935-0-0-0\" class=\"so-panel widget widget_sow-editor panel-first-child panel-last-child\" data-index=\"0\" ><div\n\t\t\t\n\t\t\tclass=\"so-widget-sow-editor so-widget-sow-editor-base\"\n\t\t\t\n\t\t><h3 class=\"widget-title\">TIENDASHOP-PLUS E-COMMERCE<\/h3>\n<div class=\"siteorigin-widget-tinymce textwidget\">\n\t<p><img loading=\"lazy\" decoding=\"async\" class=\"aligncenter wp-image-6936 size-full\" title=\"TIENDASHOP-PLUS E-COMMERCE\" src=\"https:\/\/serviwebsi.com\/seo\/wp-content\/uploads\/2021\/06\/TIENDASHOP-PLUS-LOGO.jpg\" alt=\"TIENDASHOP-PLUS E-COMMERCE\" width=\"867\" height=\"762\" srcset=\"https:\/\/serviwebsi.com\/seo\/wp-content\/uploads\/2021\/06\/TIENDASHOP-PLUS-LOGO.jpg 867w, https:\/\/serviwebsi.com\/seo\/wp-content\/uploads\/2021\/06\/TIENDASHOP-PLUS-LOGO-300x264.jpg 300w, https:\/\/serviwebsi.com\/seo\/wp-content\/uploads\/2021\/06\/TIENDASHOP-PLUS-LOGO-768x675.jpg 768w, https:\/\/serviwebsi.com\/seo\/wp-content\/uploads\/2021\/06\/TIENDASHOP-PLUS-LOGO-555x488.jpg 555w\" sizes=\"auto, (max-width: 867px) 100vw, 867px\" \/><\/p>\n<p><strong>LO QUE TIENEN TODAS LAS TIENDAS:<\/strong><\/p>\n<p>Todas las funciones del est\u00e1ndar de la industria de tiendas de comercio electr\u00f3nico: fichas de productos, divisi\u00f3n por categor\u00edas, atributos de los productos (ej. color, talle, tama\u00f1o, etc.), precio, detalle o no del IVA, diversas formas de pago, varias formas de env\u00edos posibles, descuentos y promociones, filtrado (por precio, categor\u00eda, etc.), comparaci\u00f3n de productos, aviso de cuando un producto esta disponible nuevamente y el cliente lo ha reservado, etc.<\/p>\n<p><img loading=\"lazy\" decoding=\"async\" class=\"aligncenter wp-image-6937 size-full\" title=\"tienda-ecommerce ServiwebSI\" src=\"https:\/\/serviwebsi.com\/seo\/wp-content\/uploads\/2021\/06\/tienda-ecommerce.jpg\" alt=\"tienda-ecommerce ServiwebSI\" width=\"800\" height=\"1273\" srcset=\"https:\/\/serviwebsi.com\/seo\/wp-content\/uploads\/2021\/06\/tienda-ecommerce.jpg 800w, https:\/\/serviwebsi.com\/seo\/wp-content\/uploads\/2021\/06\/tienda-ecommerce-189x300.jpg 189w, https:\/\/serviwebsi.com\/seo\/wp-content\/uploads\/2021\/06\/tienda-ecommerce-644x1024.jpg 644w, https:\/\/serviwebsi.com\/seo\/wp-content\/uploads\/2021\/06\/tienda-ecommerce-768x1222.jpg 768w, https:\/\/serviwebsi.com\/seo\/wp-content\/uploads\/2021\/06\/tienda-ecommerce-349x555.jpg 349w\" sizes=\"auto, (max-width: 800px) 100vw, 800px\" \/><\/p>\n<\/div>\n<\/div><\/div><\/div><\/div><div id=\"pg-6935-1\"  class=\"panel-grid panel-no-style\" ><div id=\"pgc-6935-1-0\"  class=\"panel-grid-cell\" ><div id=\"panel-6935-1-0-0\" class=\"so-panel widget widget_sow-editor panel-first-child\" data-index=\"1\" ><div\n\t\t\t\n\t\t\tclass=\"so-widget-sow-editor so-widget-sow-editor-base\"\n\t\t\t\n\t\t>\n<div class=\"siteorigin-widget-tinymce textwidget\">\n\t<h2>PERO EN TIENDASHOP EST\u00c1N TODAS LAS CARACTER\u00cdSTICAS DE CUALQUIER TIENDA Y UN PLUS ...<\/h2>\n<h3><b>Del lado del navegante (FRONT END)<\/b><\/h3>\n<p>Vista de productos de forma est\u00e1ndar ( forma de ficha: foto, descripci\u00f3n, precio, etc., como en la imagen anterior ) o <b>vista en forma de tabla o grilla para mayor comodidad del navegante <\/b>(se ven muchos productos de un solo vistazo y es mejor para comprar e imprimir), con las columnas de los detalles de los productos que quiera hacer visibles, con campo de b\u00fasqueda filtrado por diferentes opciones y campo de agregado al carro de compras, que permite al comprador agregar de forma mucho m\u00e1s r\u00e1pida varios productos al carrito de compras.<\/p>\n<p><img loading=\"lazy\" decoding=\"async\" class=\"size-full wp-image-6938 aligncenter\" src=\"https:\/\/serviwebsi.com\/seo\/wp-content\/uploads\/2021\/06\/vista-tabla-listado-producto-compra-rapida.jpg\" alt=\"vista tabla listado producto compra r\u00e1pida\" width=\"852\" height=\"1400\" srcset=\"https:\/\/serviwebsi.com\/seo\/wp-content\/uploads\/2021\/06\/vista-tabla-listado-producto-compra-rapida.jpg 852w, https:\/\/serviwebsi.com\/seo\/wp-content\/uploads\/2021\/06\/vista-tabla-listado-producto-compra-rapida-183x300.jpg 183w, https:\/\/serviwebsi.com\/seo\/wp-content\/uploads\/2021\/06\/vista-tabla-listado-producto-compra-rapida-623x1024.jpg 623w, https:\/\/serviwebsi.com\/seo\/wp-content\/uploads\/2021\/06\/vista-tabla-listado-producto-compra-rapida-768x1262.jpg 768w, https:\/\/serviwebsi.com\/seo\/wp-content\/uploads\/2021\/06\/vista-tabla-listado-producto-compra-rapida-338x555.jpg 338w\" sizes=\"auto, (max-width: 852px) 100vw, 852px\" \/><\/p>\n<\/div>\n<\/div><\/div><div id=\"panel-6935-1-0-1\" class=\"so-panel widget widget_sow-editor panel-last-child\" data-index=\"2\" ><div\n\t\t\t\n\t\t\tclass=\"so-widget-sow-editor so-widget-sow-editor-base\"\n\t\t\t\n\t\t>\n<div class=\"siteorigin-widget-tinymce textwidget\">\n\t<p>Se puede saltar de la vista tradicional a la vista tabla o viceversa, manteniendo todos los productos de la compra.<\/p>\n<h3><b>Del lado del due\u00f1o de la tienda (BACK END)<\/b><\/h3>\n<p><strong>Aplicaciones asociadas a un m\u00f3vil para tareas espec\u00edficas:<\/strong><\/p>\n<p>App para el escaneo de c\u00f3digos de barras para el ingreso de productos desde su m\u00f3vil<\/p>\n<p><img loading=\"lazy\" decoding=\"async\" class=\"wp-image-6939 size-full aligncenter\" title=\"App para el escaneo de c\u00f3digos de barras para el ingreso de productos desde su m\u00f3vil\" src=\"https:\/\/serviwebsi.com\/seo\/wp-content\/uploads\/2021\/06\/barcode-scanner-ts.jpg\" alt=\"App para el escaneo de c\u00f3digos de barras para el ingreso de productos desde su m\u00f3vil\" width=\"710\" height=\"302\" srcset=\"https:\/\/serviwebsi.com\/seo\/wp-content\/uploads\/2021\/06\/barcode-scanner-ts.jpg 710w, https:\/\/serviwebsi.com\/seo\/wp-content\/uploads\/2021\/06\/barcode-scanner-ts-300x128.jpg 300w, https:\/\/serviwebsi.com\/seo\/wp-content\/uploads\/2021\/06\/barcode-scanner-ts-555x236.jpg 555w\" sizes=\"auto, (max-width: 710px) 100vw, 710px\" \/><\/p>\n<p>App para el escaneo de c\u00f3digos de barras para el control de inventario (stock control)<\/p>\n<p><img loading=\"lazy\" decoding=\"async\" class=\"wp-image-6940 size-full aligncenter\" title=\"App para el escaneo de c\u00f3digos de barras para el control de inventario (stock control)\" src=\"https:\/\/serviwebsi.com\/seo\/wp-content\/uploads\/2021\/06\/movil-control-inventario.jpg\" alt=\"App para el escaneo de c\u00f3digos de barras para el control de inventario (stock control)\" width=\"309\" height=\"549\" srcset=\"https:\/\/serviwebsi.com\/seo\/wp-content\/uploads\/2021\/06\/movil-control-inventario.jpg 309w, https:\/\/serviwebsi.com\/seo\/wp-content\/uploads\/2021\/06\/movil-control-inventario-169x300.jpg 169w\" sizes=\"auto, (max-width: 309px) 100vw, 309px\" \/><\/p>\n<p><b>M\u00f3dulos complementarios:<\/b><\/p>\n<h3>M\u00f3dulo que permite facilitar la importaci\u00f3n de una lista de productos.<\/h3>\n<p><img loading=\"lazy\" decoding=\"async\" class=\"aligncenter wp-image-6941 size-full\" title=\"M\u00f3dulo que permite facilitar la importaci\u00f3n de una lista de productos.\" src=\"https:\/\/serviwebsi.com\/seo\/wp-content\/uploads\/2021\/06\/vista-fichero-exportacion.jpg\" alt=\"M\u00f3dulo que permite facilitar la importaci\u00f3n de una lista de productos.\" width=\"309\" height=\"500\" srcset=\"https:\/\/serviwebsi.com\/seo\/wp-content\/uploads\/2021\/06\/vista-fichero-exportacion.jpg 309w, https:\/\/serviwebsi.com\/seo\/wp-content\/uploads\/2021\/06\/vista-fichero-exportacion-185x300.jpg 185w\" sizes=\"auto, (max-width: 309px) 100vw, 309px\" \/><\/p>\n<p>&nbsp;<\/p>\n<h3>M\u00f3dulo que permite visualizar el listado de productos<\/h3>\n<p><img loading=\"lazy\" decoding=\"async\" class=\"aligncenter wp-image-6942 size-full\" title=\"M\u00f3dulo que permite visualizar el listado de productos\" src=\"https:\/\/serviwebsi.com\/seo\/wp-content\/uploads\/2021\/06\/listado-interno-de-productos.jpg\" alt=\"M\u00f3dulo que permite visualizar el listado de productos\" width=\"800\" height=\"1428\" srcset=\"https:\/\/serviwebsi.com\/seo\/wp-content\/uploads\/2021\/06\/listado-interno-de-productos.jpg 800w, https:\/\/serviwebsi.com\/seo\/wp-content\/uploads\/2021\/06\/listado-interno-de-productos-168x300.jpg 168w, https:\/\/serviwebsi.com\/seo\/wp-content\/uploads\/2021\/06\/listado-interno-de-productos-574x1024.jpg 574w, https:\/\/serviwebsi.com\/seo\/wp-content\/uploads\/2021\/06\/listado-interno-de-productos-768x1371.jpg 768w, https:\/\/serviwebsi.com\/seo\/wp-content\/uploads\/2021\/06\/listado-interno-de-productos-311x555.jpg 311w\" sizes=\"auto, (max-width: 800px) 100vw, 800px\" \/><\/p>\n<p>&nbsp;<\/p>\n<p>&nbsp;<\/p>\n<p>&nbsp;<\/p>\n<\/div>\n<\/div><\/div><\/div><\/div><\/div>","protected":false},"excerpt":{"rendered":"<p>LO QUE TIENEN TODAS LAS TIENDAS: Todas las funciones del est\u00e1ndar de la industria de tiendas de comercio electr\u00f3nico: fichas de productos, divisi\u00f3n por categor\u00edas, atributos de los productos (ej. color, talle, tama\u00f1o, etc.), precio, detalle o no del IVA, diversas formas de pago, varias formas de env\u00edos posibles, descuentos y promociones, filtrado (por precio, &hellip;<\/p>\n","protected":false},"author":1,"featured_media":0,"parent":0,"menu_order":0,"comment_status":"closed","ping_status":"closed","template":"","meta":{"ngg_post_thumbnail":0,"footnotes":""},"class_list":["post-6935","page","type-page","status-publish","hentry"],"acf":[],"rttpg_featured_image_url":null,"rttpg_author":{"display_name":"admin","author_link":"https:\/\/serviwebsi.com\/seo\/author\/admin\/"},"rttpg_comment":0,"rttpg_category":null,"rttpg_excerpt":"LO QUE TIENEN TODAS LAS TIENDAS: Todas las funciones del est\u00e1ndar de la industria de tiendas de comercio electr\u00f3nico: fichas de productos, divisi\u00f3n por categor\u00edas, atributos de los productos (ej. color, talle, tama\u00f1o, etc.), precio, detalle o no del IVA, diversas formas de pago, varias formas de env\u00edos posibles, descuentos y promociones, filtrado (por precio,&hellip;","_links":{"self":[{"href":"https:\/\/serviwebsi.com\/seo\/wp-json\/wp\/v2\/pages\/6935","targetHints":{"allow":["GET"]}}],"collection":[{"href":"https:\/\/serviwebsi.com\/seo\/wp-json\/wp\/v2\/pages"}],"about":[{"href":"https:\/\/serviwebsi.com\/seo\/wp-json\/wp\/v2\/types\/page"}],"author":[{"embeddable":true,"href":"https:\/\/serviwebsi.com\/seo\/wp-json\/wp\/v2\/users\/1"}],"replies":[{"embeddable":true,"href":"https:\/\/serviwebsi.com\/seo\/wp-json\/wp\/v2\/comments?post=6935"}],"version-history":[{"count":9,"href":"https:\/\/serviwebsi.com\/seo\/wp-json\/wp\/v2\/pages\/6935\/revisions"}],"predecessor-version":[{"id":6960,"href":"https:\/\/serviwebsi.com\/seo\/wp-json\/wp\/v2\/pages\/6935\/revisions\/6960"}],"wp:attachment":[{"href":"https:\/\/serviwebsi.com\/seo\/wp-json\/wp\/v2\/media?parent=6935"}],"curies":[{"name":"wp","href":"https:\/\/api.w.org\/{rel}","templated":true}]}}