{"id":7062,"date":"2022-01-29T16:29:33","date_gmt":"2022-01-29T16:29:33","guid":{"rendered":"https:\/\/serviwebsi.com\/seo\/?page_id=7062"},"modified":"2022-01-29T19:23:22","modified_gmt":"2022-01-29T19:23:22","slug":"aviso-legal","status":"publish","type":"page","link":"https:\/\/serviwebsi.com\/seo\/aviso-legal\/","title":{"rendered":"AVISO LEGAL"},"content":{"rendered":"<h2>AVISO LEGAL<\/h2>\n<h2>Pol\u00edtica sobre cookies<\/h2>\n<p><strong>SERVIWEBSI<\/strong> utiliza cookies propias y de terceros para fines estrictamente funcionales para el sitio web.<\/p>\n<p>Pulsa el bot\u00f3n Vale para confirmar que has le\u00eddo y aceptado la informaci\u00f3n presentada.<br \/>\nDespu\u00e9s de aceptar, no volveremos a mostrarte este mensaje, excepto en el caso de que borres las cookies de tu dispositivo.<\/p>\n<p>&nbsp;<\/p>\n<h2>Autorizaci\u00f3n al tratamiento de datos personales<\/h2>\n<p>Por el env\u00edo de un correo electr\u00f3nico a trav\u00e9s de nuestra p\u00e1gina web, el usuario autoriza a <strong>SERVIWEBSI&nbsp;<\/strong> al tratamiento de los datos personales que obran en el mismo. Su direcci\u00f3n de correo electr\u00f3nico y dem\u00e1s datos que facilite ser\u00e1 utilizada por&nbsp;<strong>SERVIWEBSI<\/strong> para la gesti\u00f3n y cumplimiento de las obligaciones o solicitudes que se deriven de la consulta, as\u00ed como para la promoci\u00f3n, por parte de&nbsp;<strong>SERVIWEBSI<\/strong> de los servicios que en todo momento ponga(n) a disposici\u00f3n de sus clientes o del p\u00fablico en general.<\/p>\n<p>&nbsp;<\/p>\n<h3>PROPIEDAD INTELECTUAL<\/h3>\n<p>&nbsp;<\/p>\n<p><strong>SERVIWEBSI<\/strong> es titular de todos los derechos sobre el software de la p\u00e1gina web as\u00ed como de los derechos de propiedad industrial e intelectual referidos a los contenidos que en ella se incluyan, a excepci\u00f3n de los derechos sobre productos y servicios que no son propiedad de&nbsp;<strong>SERVIWEBSI<\/strong> y que est\u00e1n registradas a favor de sus respectivos titulares.<\/p>\n<p>La informaci\u00f3n de la web est\u00e1 protegida por los derechos de propiedad intelectual e industrial, de los que \u00fanicamente&nbsp;<strong>SERVIWEBSI<\/strong> es propietaria.<\/p>\n<p>No se puede modificar ni reproducir, ni en parte ni en su totalidad, esta informaci\u00f3n, sin el consentimiento expreso de&nbsp;<strong>SERVIWEBSI<\/strong><\/p>\n<p>&nbsp;<\/p>\n<h3>Responsabilidades y garant\u00edas<\/h3>\n<p>&nbsp;<\/p>\n<p>La informaci\u00f3n de esta p\u00e1gina web se proporciona sin garant\u00eda de ninguna clase, ni expl\u00edcita ni impl\u00edcita, y podr\u00e1 cambiarse o actualizarse sin previo aviso, adem\u00e1s <strong>SERVIWEBSI <\/strong>no se responsabiliza ni garantiza la disponibilidad y continuidad en el acceso a esta p\u00e1gina web o que la misma est\u00e9 libre de errores.<\/p>\n<p><strong>SERVIWEBSI<\/strong> &nbsp;no asume responsabilidad alguna derivada de los contenidos que terceras partes hayan incluido en los hiperv\u00ednculos a los que se hace referencia en esta p\u00e1gina.<\/p>\n<p>El establecimiento del hiperv\u00ednculo no implica en ning\u00fan caso la existencia de relaciones entre <strong>SERVIWEBSI<\/strong> y el propietario de la p\u00e1gina Web en la que se establezca, ni la aceptaci\u00f3n y aprobaci\u00f3n por parte de&nbsp;<strong>SERVIWEBSI<\/strong> de sus contenidos o servicios all\u00ed ofrecidos puestos a disposici\u00f3n del p\u00fablico.<\/p>\n<p><strong>SERVIWEBSI<\/strong> no se hace responsable de ning\u00fan da\u00f1o o perjuicio del usuario que se derive del acceso a su p\u00e1gina web o del uso de informaci\u00f3n o aplicaciones en ella contenidas.<\/p>\n<p>El usuario es consciente y acepta que el uso de cualquiera de los contenidos de la p\u00e1gina web se realiza bajo su \u00fanica y exclusiva responsabilidad. Asimismo, el usuario responder\u00e1 de los da\u00f1os y perjuicios de toda naturaleza que&nbsp;<strong>SERVIWEBSI<\/strong> pueda sufrir como consecuencia del incumplimiento de cualquiera de las obligaciones a las que queda sometido por las presentes condiciones.<\/p>\n<p>El usuario podr\u00e1 ejercer sus derechos de acceso, rectificaci\u00f3n y cancelaci\u00f3n, dirigiendo la oportuna solicitud a la siguiente direcci\u00f3n:<\/p>\n<p>&nbsp;<\/p>\n<p><strong>SERVIWEBSI<\/strong>&nbsp;<br \/>\n<strong>contacto@swred.com<\/strong><\/p>\n","protected":false},"excerpt":{"rendered":"<p>AVISO LEGAL Pol\u00edtica sobre cookies SERVIWEBSI utiliza cookies propias y de terceros para fines estrictamente funcionales para el sitio web. Pulsa el bot\u00f3n Vale para confirmar que has le\u00eddo y aceptado la informaci\u00f3n presentada. Despu\u00e9s de aceptar, no volveremos a mostrarte este mensaje, excepto en el caso de que borres las cookies de tu dispositivo. &hellip;<\/p>\n","protected":false},"author":1,"featured_media":0,"parent":0,"menu_order":0,"comment_status":"closed","ping_status":"closed","template":"","meta":{"ngg_post_thumbnail":0,"footnotes":""},"class_list":["post-7062","page","type-page","status-publish","hentry"],"acf":[],"rttpg_featured_image_url":null,"rttpg_author":{"display_name":"admin","author_link":"https:\/\/serviwebsi.com\/seo\/author\/admin\/"},"rttpg_comment":0,"rttpg_category":null,"rttpg_excerpt":"AVISO LEGAL Pol\u00edtica sobre cookies SERVIWEBSI utiliza cookies propias y de terceros para fines estrictamente funcionales para el sitio web. Pulsa el bot\u00f3n Vale para confirmar que has le\u00eddo y aceptado la informaci\u00f3n presentada. Despu\u00e9s de aceptar, no volveremos a mostrarte este mensaje, excepto en el caso de que borres las cookies de tu dispositivo.&hellip;","_links":{"self":[{"href":"https:\/\/serviwebsi.com\/seo\/wp-json\/wp\/v2\/pages\/7062","targetHints":{"allow":["GET"]}}],"collection":[{"href":"https:\/\/serviwebsi.com\/seo\/wp-json\/wp\/v2\/pages"}],"about":[{"href":"https:\/\/serviwebsi.com\/seo\/wp-json\/wp\/v2\/types\/page"}],"author":[{"embeddable":true,"href":"https:\/\/serviwebsi.com\/seo\/wp-json\/wp\/v2\/users\/1"}],"replies":[{"embeddable":true,"href":"https:\/\/serviwebsi.com\/seo\/wp-json\/wp\/v2\/comments?post=7062"}],"version-history":[{"count":5,"href":"https:\/\/serviwebsi.com\/seo\/wp-json\/wp\/v2\/pages\/7062\/revisions"}],"predecessor-version":[{"id":7067,"href":"https:\/\/serviwebsi.com\/seo\/wp-json\/wp\/v2\/pages\/7062\/revisions\/7067"}],"wp:attachment":[{"href":"https:\/\/serviwebsi.com\/seo\/wp-json\/wp\/v2\/media?parent=7062"}],"curies":[{"name":"wp","href":"https:\/\/api.w.org\/{rel}","templated":true}]}}